{"id":5066,"date":"2020-03-31T10:55:25","date_gmt":"2020-03-31T08:55:25","guid":{"rendered":"https:\/\/s3-alliance.com\/kontakt\/"},"modified":"2025-05-26T10:39:40","modified_gmt":"2025-05-26T08:39:40","slug":"kontakt","status":"publish","type":"page","link":"https:\/\/s3-alliance.com\/de\/kontakt\/","title":{"rendered":"Kontakt"},"content":{"rendered":"<div class=\"wpb-content-wrapper\"><p>[vc_row][vc_column][vc_column_text css=&#8220;.vc_custom_1490288220368{margin-bottom: 15px !important;}&#8220;]<\/p>\n<h2>Haben Sie eine Frage zu einem unserer Produkte? Hier finden Sie die Kontaktm\u00f6glichkeiten.<\/h2>\n<p>[\/vc_column_text][vc_separator color=&#8220;custom&#8220; style=&#8220;dotted&#8220; accent_color=&#8220;#dbdbdb&#8220;][\/vc_column][\/vc_row][vc_row][vc_column width=&#8220;2\/3&#8243;][vc_row_inner][vc_column_inner width=&#8220;1\/3&#8243;][vc_column_text]<\/p>\n<h3>S3 Alliance verf\u00fcgt \u00fcber drei Standorte in Europa.<\/h3>\n<p>Je nach Land, in dem Sie sich befinden, w\u00e4hlen Sie bitte den richtigen Standort f\u00fcr Ihre Anfrage aus:[\/vc_column_text][\/vc_column_inner][vc_column_inner width=&#8220;2\/3&#8243;][vc_single_image image=&#8220;5101&#8243; img_size=&#8220;full&#8220; css=&#8220;.vc_custom_1490693304226{margin-bottom: 0px !important;padding-bottom: 0px !important;}&#8220;][\/vc_column_inner][\/vc_row_inner][vc_row_inner][vc_column_inner width=&#8220;1\/2&#8243;][vc_single_image image=&#8220;12171&#8243; img_size=&#8220;full&#8220; css=&#8220;.vc_custom_1738856309195{padding-bottom: 0px !important;}&#8220;][vc_column_text]<\/p>\n<h4>Standort Deutschland<\/h4>\n<p>S3 Alliance GmbH<br \/>\nMahdenstra\u00dfe 23,<br \/>\nD &#8211; 72138 Kirchentellinsfurt<\/p>\n<p>Deutschland<\/p>\n<p>Tel: +49 7121 16 777-0<br \/>\nFax: +49 7121 16 777-10<br \/>\nE-Mail: <a href=\"mailto:salesgmbh@s3-alliance.com\">salesgmbh@s3-alliance.com<\/a>[\/vc_column_text][\/vc_column_inner][vc_column_inner width=&#8220;1\/2&#8243;][vc_single_image image=&#8220;12167&#8243; img_size=&#8220;full&#8220; css=&#8220;.vc_custom_1740393795246{padding-bottom: 0px !important;}&#8220;][vc_column_text css=&#8220;&#8220;]<\/p>\n<h4>UK &#8211; Ireland Office<\/h4>\n<p>S3 Alliance UK Ltd<\/p>\n<p>85A Ledwidge Avenue<br \/>\nLondonderry, BT47 6GZ<\/p>\n<p>Northern Ireland<\/p>\n<p>Tel: +44 2871 357 760<br \/>\nFax: +44 2871 357 744<br \/>\nE-Mail: <a href=\"mailto:salesuk@s3-alliance.com\">salesuk@s3-alliance.com<\/a>[\/vc_column_text][\/vc_column_inner][\/vc_row_inner][vc_row_inner][vc_column_inner width=&#8220;1\/2&#8243;][vc_single_image image=&#8220;5091&#8243; img_size=&#8220;full&#8220; css=&#8220;.vc_custom_1738856479262{padding-bottom: 0px !important;}&#8220;][vc_column_text css=&#8220;&#8220;]<\/p>\n<h4>Standort Italien<\/h4>\n<p>S3 Alliance Sarl<br \/>\nVia Rossini 4<br \/>\n21052 Busto Arsizio (VA)<\/p>\n<p>Italien<\/p>\n<p>Tel: +39 (0)33 143 0295<br \/>\nFax: +39 (0)33 162 6848<br \/>\nE-Mail: <a href=\"mailto:salesit@s3-alliance.com\">salesit@s3-alliance.com<\/a>[\/vc_column_text][\/vc_column_inner][vc_column_inner width=&#8220;1\/2&#8243; el_id=&#8220;contact-russia&#8220;][vc_single_image image=&#8220;5099&#8243; img_size=&#8220;full&#8220; css=&#8220;.vc_custom_1738856492793{padding-bottom: 0px !important;}&#8220;][vc_column_text]<\/p>\n<h4>Standort Russland<\/h4>\n<p>Eine Tochtergesellschaft der S3 Alliance GmbH<br \/>\nS3 Russia Rus LLC<br \/>\nVerkhnyaya Krasnosel\u2019skaya str. 2\/1<br \/>\nbld. 3, 2<sup>nd<\/sup> floor, office 11<br \/>\n107140 Moscow<\/p>\n<p>Russland<\/p>\n<p>Tel: +7 495 10 9876 0<br \/>\nE-Mail: <a href=\"mailto:salesrussia@s3-alliance.com\">salesrussia@s3-alliance.com<\/a>[\/vc_column_text][\/vc_column_inner][\/vc_row_inner][\/vc_column][vc_column width=&#8220;1\/3&#8243;][vc_column_text]<\/p>\n<h3>Kontaktformular<\/h3>\n<p>[\/vc_column_text]<script type=\"text\/javascript\">var gform;gform||(document.addEventListener(\"gform_main_scripts_loaded\",function(){gform.scriptsLoaded=!0}),window.addEventListener(\"DOMContentLoaded\",function(){gform.domLoaded=!0}),gform={domLoaded:!1,scriptsLoaded:!1,initializeOnLoaded:function(o){gform.domLoaded&&gform.scriptsLoaded?o():!gform.domLoaded&&gform.scriptsLoaded?window.addEventListener(\"DOMContentLoaded\",o):document.addEventListener(\"gform_main_scripts_loaded\",o)},hooks:{action:{},filter:{}},addAction:function(o,n,r,t){gform.addHook(\"action\",o,n,r,t)},addFilter:function(o,n,r,t){gform.addHook(\"filter\",o,n,r,t)},doAction:function(o){gform.doHook(\"action\",o,arguments)},applyFilters:function(o){return gform.doHook(\"filter\",o,arguments)},removeAction:function(o,n){gform.removeHook(\"action\",o,n)},removeFilter:function(o,n,r){gform.removeHook(\"filter\",o,n,r)},addHook:function(o,n,r,t,i){null==gform.hooks[o][n]&&(gform.hooks[o][n]=[]);var e=gform.hooks[o][n];null==i&&(i=n+\"_\"+e.length),gform.hooks[o][n].push({tag:i,callable:r,priority:t=null==t?10:t})},doHook:function(n,o,r){var t;if(r=Array.prototype.slice.call(r,1),null!=gform.hooks[n][o]&&((o=gform.hooks[n][o]).sort(function(o,n){return o.priority-n.priority}),o.forEach(function(o){\"function\"!=typeof(t=o.callable)&&(t=window[t]),\"action\"==n?t.apply(null,r):r[0]=t.apply(null,r)})),\"filter\"==n)return r[0]},removeHook:function(o,n,t,i){var r;null!=gform.hooks[o][n]&&(r=(r=gform.hooks[o][n]).filter(function(o,n,r){return!!(null!=i&&i!=o.tag||null!=t&&t!=o.priority)}),gform.hooks[o][n]=r)}});<\/script>\n                <div class='gf_browser_gecko gform_wrapper gform_legacy_markup_wrapper gform-theme--no-framework' data-form-theme='legacy' data-form-index='0' id='gform_wrapper_1' ><form method='post' enctype='multipart\/form-data'  id='gform_1'  action='\/de\/wp-json\/wp\/v2\/pages\/5066' data-formid='1' >\n                        <div class='gform-body gform_body'><ul id='gform_fields_1' class='gform_fields top_label form_sublabel_below description_below'><li id=\"field_1_9\"  class=\"gfield gfield--type-name field_sublabel_below gfield--no-description field_description_below gfield_visibility_visible\"  data-js-reload=\"field_1_9\"><label class='gfield_label gform-field-label gfield_label_before_complex'  >Name<\/label><div class='ginput_complex ginput_container ginput_container--name no_prefix has_first_name no_middle_name has_last_name no_suffix gf_name_has_2 ginput_container_name gform-grid-row' id='input_1_9'>\n                            \n                            <span id='input_1_9_3_container' class='name_first gform-grid-col gform-grid-col--size-auto' >\n                                                    <input type='text' name='input_9.3' id='input_1_9_3' value=''   aria-required='false'     \/>\n                                                    <label for='input_1_9_3' class='gform-field-label gform-field-label--type-sub '>Vorname<\/label>\n                                                <\/span>\n                            \n                            <span id='input_1_9_6_container' class='name_last gform-grid-col gform-grid-col--size-auto' >\n                                                    <input type='text' name='input_9.6' id='input_1_9_6' value=''   aria-required='false'     \/>\n                                                    <label for='input_1_9_6' class='gform-field-label gform-field-label--type-sub '>Nachname<\/label>\n                                                <\/span>\n                            \n                        <\/div><\/li><li id=\"field_1_5\"  class=\"gfield gfield--type-email field_sublabel_below gfield--no-description field_description_below gfield_visibility_visible\"  data-js-reload=\"field_1_5\"><label class='gfield_label gform-field-label' for='input_1_5' >E-Mail<\/label><div class='ginput_container ginput_container_email'>\n                            <input name='input_5' id='input_1_5' type='text' value='' class='large'     aria-invalid=\"false\"  \/>\n                        <\/div><\/li><li id=\"field_1_3\"  class=\"gfield gfield--type-text field_sublabel_below gfield--no-description field_description_below gfield_visibility_visible\"  data-js-reload=\"field_1_3\"><label class='gfield_label gform-field-label' for='input_1_3' >Telefon<\/label><div class='ginput_container ginput_container_text'><input name='input_3' id='input_1_3' type='text' value='' class='large'      aria-invalid=\"false\"   \/> <\/div><\/li><li id=\"field_1_4\"  class=\"gfield gfield--type-text field_sublabel_below gfield--no-description field_description_below gfield_visibility_visible\"  data-js-reload=\"field_1_4\"><label class='gfield_label gform-field-label' for='input_1_4' >Unternehmen<\/label><div class='ginput_container ginput_container_text'><input name='input_4' id='input_1_4' type='text' value='' class='large'      aria-invalid=\"false\"   \/> <\/div><\/li><li id=\"field_1_12\"  class=\"gfield gfield--type-radio gfield--type-choice field_sublabel_below gfield--no-description field_description_below gfield_visibility_visible\"  data-js-reload=\"field_1_12\"><label class='gfield_label gform-field-label'  >Produkt Ihres Interesses<\/label><div class='ginput_container ginput_container_radio'><ul class='gfield_radio' id='input_1_12'>\n\t\t\t<li class='gchoice gchoice_1_12_0'>\n\t\t\t\t<input name='input_12' type='radio' value='Equipment'  id='choice_1_12_0'    \/>\n\t\t\t\t<label for='choice_1_12_0' id='label_1_12_0' class='gform-field-label gform-field-label--type-inline'>Equipment<\/label>\n\t\t\t<\/li>\n\t\t\t<li class='gchoice gchoice_1_12_1'>\n\t\t\t\t<input name='input_12' type='radio' value='Metrology &amp; Handling'  id='choice_1_12_1'    \/>\n\t\t\t\t<label for='choice_1_12_1' id='label_1_12_1' class='gform-field-label gform-field-label--type-inline'>Metrology &amp; Handling<\/label>\n\t\t\t<\/li>\n\t\t\t<li class='gchoice gchoice_1_12_2'>\n\t\t\t\t<input name='input_12' type='radio' value='Parts &amp; Consumables'  id='choice_1_12_2'    \/>\n\t\t\t\t<label for='choice_1_12_2' id='label_1_12_2' class='gform-field-label gform-field-label--type-inline'>Parts &amp; Consumables<\/label>\n\t\t\t<\/li>\n\t\t\t<li class='gchoice gchoice_1_12_3'>\n\t\t\t\t<input name='input_12' type='radio' value='Dienstleistungen'  id='choice_1_12_3'    \/>\n\t\t\t\t<label for='choice_1_12_3' id='label_1_12_3' class='gform-field-label gform-field-label--type-inline'>Dienstleistungen<\/label>\n\t\t\t<\/li><\/ul><\/div><\/li><li id=\"field_1_7\"  class=\"gfield gfield--type-textarea field_sublabel_below gfield--no-description field_description_below gfield_visibility_visible\"  data-js-reload=\"field_1_7\"><label class='gfield_label gform-field-label' for='input_1_7' >Kommentare<\/label><div class='ginput_container ginput_container_textarea'><textarea name='input_7' id='input_1_7' class='textarea large'      aria-invalid=\"false\"   rows='10' cols='50'><\/textarea><\/div><\/li><li id=\"field_1_11\"  class=\"gfield gfield--type-radio gfield--type-choice field_sublabel_below gfield--no-description field_description_below gfield_visibility_visible\"  data-js-reload=\"field_1_11\"><label class='gfield_label gform-field-label'  >W\u00e4hlen Sie den B\u00fcrostandort f\u00fcr Ihre Anfrage<\/label><div class='ginput_container ginput_container_radio'><ul class='gfield_radio' id='input_1_11'>\n\t\t\t<li class='gchoice gchoice_1_11_0'>\n\t\t\t\t<input name='input_11' type='radio' value='German Office' checked='checked' id='choice_1_11_0'    \/>\n\t\t\t\t<label for='choice_1_11_0' id='label_1_11_0' class='gform-field-label gform-field-label--type-inline'>German Office<\/label>\n\t\t\t<\/li>\n\t\t\t<li class='gchoice gchoice_1_11_1'>\n\t\t\t\t<input name='input_11' type='radio' value='UK \u2013 Ireland Office'  id='choice_1_11_1'    \/>\n\t\t\t\t<label for='choice_1_11_1' id='label_1_11_1' class='gform-field-label gform-field-label--type-inline'>UK \u2013 Ireland Office<\/label>\n\t\t\t<\/li>\n\t\t\t<li class='gchoice gchoice_1_11_2'>\n\t\t\t\t<input name='input_11' type='radio' value='Standort Italien'  id='choice_1_11_2'    \/>\n\t\t\t\t<label for='choice_1_11_2' id='label_1_11_2' class='gform-field-label gform-field-label--type-inline'>Standort Italien<\/label>\n\t\t\t<\/li><\/ul><\/div><\/li><li id=\"field_1_13\"  class=\"gfield gfield--type-checkbox gfield--type-choice gfield_contains_required field_sublabel_below gfield--no-description field_description_below hidden_label gfield_visibility_visible\"  data-js-reload=\"field_1_13\"><label class='gfield_label gform-field-label gfield_label_before_complex'  >Datenschutz<span class=\"gfield_required\"><span class=\"gfield_required gfield_required_asterisk\">*<\/span><\/span><\/label><div class='ginput_container ginput_container_checkbox'><ul class='gfield_checkbox' id='input_1_13'><li class='gchoice gchoice_1_13_1'>\n\t\t\t\t\t\t\t\t<input class='gfield-choice-input' name='input_13.1' type='checkbox'  value='true'  id='choice_1_13_1'   \/>\n\t\t\t\t\t\t\t\t<label for='choice_1_13_1' id='label_1_13_1' class='gform-field-label gform-field-label--type-inline'>Ich habe die in der <a href=\"https:\/\/s3-alliance.com\/de\/datenschutz-cookie-richtlinien\/\">Datenschutzerkl\u00e4rung<\/a> dargelegten Bedingungen gelesen und stimme ihnen zu.<\/label>\n\t\t\t\t\t\t\t<\/li><\/ul><\/div><\/li><li id=\"field_1_14\"  class=\"gfield gfield--type-honeypot gform_validation_container field_sublabel_below gfield--has-description field_description_below gfield_visibility_visible\"  data-js-reload=\"field_1_14\"><label class='gfield_label gform-field-label' for='input_1_14' >Phone<\/label><div class='ginput_container'><input name='input_14' id='input_1_14' type='text' value='' \/><\/div><div class='gfield_description' id='gfield_description_1_14'>Dieses Feld dient zur Validierung und sollte nicht ver\u00e4ndert werden.<\/div><\/li><\/ul><\/div>\n        <div class='gform_footer top_label'> <input type='submit' id='gform_submit_button_1' class='gform_button button' value='Senden'  onclick='if(window[\"gf_submitting_1\"]){return false;}  window[\"gf_submitting_1\"]=true;  ' onkeypress='if( event.keyCode == 13 ){ if(window[\"gf_submitting_1\"]){return false;} window[\"gf_submitting_1\"]=true;  jQuery(\"#gform_1\").trigger(\"submit\",[true]); }' \/> \n            <input type='hidden' class='gform_hidden' name='is_submit_1' value='1' \/>\n            <input type='hidden' class='gform_hidden' name='gform_submit' value='1' \/>\n            \n            <input type='hidden' class='gform_hidden' name='gform_unique_id' value='' \/>\n            <input type='hidden' class='gform_hidden' name='state_1' value='WyJbXSIsIjkyMGRlMWQxOTg0MGJkZmVlNzhkNjY0ZDgwNjBlMjA1Il0=' \/>\n            <input type='hidden' class='gform_hidden' name='gform_target_page_number_1' id='gform_target_page_number_1' value='0' \/>\n            <input type='hidden' class='gform_hidden' name='gform_source_page_number_1' id='gform_source_page_number_1' value='1' \/>\n            <input type='hidden' name='gform_field_values' value='' \/>\n            \n        <\/div>\n                        <\/form>\n                        <\/div><script type=\"text\/javascript\">\n\/* <![CDATA[ *\/\n gform.initializeOnLoaded( function() {gformInitSpinner( 1, 'https:\/\/s3-alliance.com\/wp-content\/plugins\/gravityforms\/images\/spinner.svg', true );jQuery('#gform_ajax_frame_1').on('load',function(){var contents = jQuery(this).contents().find('*').html();var is_postback = contents.indexOf('GF_AJAX_POSTBACK') >= 0;if(!is_postback){return;}var form_content = jQuery(this).contents().find('#gform_wrapper_1');var is_confirmation = jQuery(this).contents().find('#gform_confirmation_wrapper_1').length > 0;var is_redirect = contents.indexOf('gformRedirect(){') >= 0;var is_form = form_content.length > 0 && ! is_redirect && ! is_confirmation;var mt = parseInt(jQuery('html').css('margin-top'), 10) + parseInt(jQuery('body').css('margin-top'), 10) + 100;if(is_form){jQuery('#gform_wrapper_1').html(form_content.html());if(form_content.hasClass('gform_validation_error')){jQuery('#gform_wrapper_1').addClass('gform_validation_error');} else {jQuery('#gform_wrapper_1').removeClass('gform_validation_error');}setTimeout( function() { \/* delay the scroll by 50 milliseconds to fix a bug in chrome *\/  }, 50 );if(window['gformInitDatepicker']) {gformInitDatepicker();}if(window['gformInitPriceFields']) {gformInitPriceFields();}var current_page = jQuery('#gform_source_page_number_1').val();gformInitSpinner( 1, 'https:\/\/s3-alliance.com\/wp-content\/plugins\/gravityforms\/images\/spinner.svg', true );jQuery(document).trigger('gform_page_loaded', [1, current_page]);window['gf_submitting_1'] = false;}else if(!is_redirect){var confirmation_content = jQuery(this).contents().find('.GF_AJAX_POSTBACK').html();if(!confirmation_content){confirmation_content = contents;}setTimeout(function(){jQuery('#gform_wrapper_1').replaceWith(confirmation_content);jQuery(document).trigger('gform_confirmation_loaded', [1]);window['gf_submitting_1'] = false;wp.a11y.speak(jQuery('#gform_confirmation_message_1').text());}, 50);}else{jQuery('#gform_1').append(contents);if(window['gformRedirect']) {gformRedirect();}}jQuery(document).trigger('gform_post_render', [1, current_page]);gform.utils.trigger({ event: 'gform\/postRender', native: false, data: { formId: 1, currentPage: current_page } });} );} ); \n\/* ]]> *\/\n<\/script>\n[\/vc_column][\/vc_row][vc_row][vc_column][vc_column_text]<\/p>\n<h3>Download unserer Brosch\u00fcre<\/h3>\n<p>[\/vc_column_text][vc_row_inner][vc_column_inner width=&#8220;1\/3&#8243;][vc_single_image image=&#8220;13166&#8243; img_size=&#8220;large&#8220; onclick=&#8220;custom_link&#8220; img_link_target=&#8220;_blank&#8220; css=&#8220;&#8220; link=&#8220;https:\/\/s3-alliance.com\/wp-content\/uploads\/2025\/05\/S3-Alliance_SEMI-blue-brochure-20.pdf&#8220;][vc_column_text css=&#8220;&#8220;]<\/p>\n<p style=\"text-align: center;\"><a title=\"Download S3 Alliance SEMI Brosch\u00fcre\" href=\"https:\/\/s3-alliance.com\/wp-content\/uploads\/2025\/05\/S3-Alliance_SEMI-blue-brochure-20.pdf\" target=\"_blank\" rel=\"noopener\">Klicken Sie hier, um das PDF unserer aktuellen Semiconductor \/ Mems-Brosch\u00fcre herunterzuladen<\/a><\/p>\n<p>\u00a0[\/vc_column_text][\/vc_column_inner][vc_column_inner width=&#8220;1\/3&#8243;][\/vc_column_inner][vc_column_inner width=&#8220;1\/3&#8243;][\/vc_column_inner][\/vc_row_inner][\/vc_column][\/vc_row]<\/p>\n<\/div>","protected":false},"excerpt":{"rendered":"<p>[vc_row][vc_column][vc_column_text css=&#8220;.vc_custom_1490288220368{margin-bottom: 15px !important;}&#8220;] Haben Sie eine Frage zu einem unserer Produkte? Hier finden Sie die Kontaktm\u00f6glichkeiten. [\/vc_column_text][vc_separator color=&#8220;custom&#8220; style=&#8220;dotted&#8220; accent_color=&#8220;#dbdbdb&#8220;][\/vc_column][\/vc_row][vc_row][vc_column width=&#8220;2\/3&#8243;][vc_row_inner][vc_column_inner width=&#8220;1\/3&#8243;][vc_column_text] S3 Alliance verf\u00fcgt \u00fcber drei Standorte in Europa. Je nach Land, in dem Sie sich befinden, w\u00e4hlen Sie bitte den richtigen Standort f\u00fcr Ihre Anfrage aus:[\/vc_column_text][\/vc_column_inner][vc_column_inner width=&#8220;2\/3&#8243;][vc_single_image image=&#8220;5101&#8243; img_size=&#8220;full&#8220; css=&#8220;.vc_custom_1490693304226{margin-bottom: 0px !important;padding-bottom:<a class=\"excerpt-read-more\" href=\"https:\/\/s3-alliance.com\/de\/kontakt\/\" title=\"ReadKontakt\">&#8230; Read more &raquo;<\/a><\/p>\n","protected":false},"author":1,"featured_media":0,"parent":0,"menu_order":0,"comment_status":"closed","ping_status":"closed","template":"template-full-width.php","meta":{"_acf_changed":false,"footnotes":""},"class_list":["post-5066","page","type-page","status-publish","hentry"],"acf":[],"yoast_head":"<!-- This site is optimized with the Yoast SEO plugin v27.2 - https:\/\/yoast.com\/product\/yoast-seo-wordpress\/ -->\n<title>Contact S3 Alliance | Germany - UK - Russia - Italy Office Details<\/title>\n<meta name=\"description\" content=\"Kontaktieren Sie S3 Alliance f\u00fcr Detailanfragen zu unseren Produkten - Details zu unseren Standorten in Europa in Deutschland, Gro\u00dfbritannien, Russland und Italien.\" \/>\n<meta name=\"robots\" content=\"index, follow, max-snippet:-1, max-image-preview:large, max-video-preview:-1\" \/>\n<link rel=\"canonical\" href=\"https:\/\/s3-alliance.com\/de\/kontakt\/\" \/>\n<meta property=\"og:locale\" content=\"de_DE\" \/>\n<meta property=\"og:type\" content=\"article\" \/>\n<meta property=\"og:title\" content=\"Contact S3 Alliance | Germany - UK - Russia - Italy Office Details\" \/>\n<meta property=\"og:description\" content=\"Kontaktieren Sie S3 Alliance f\u00fcr Detailanfragen zu unseren Produkten - Details zu unseren Standorten in Europa in Deutschland, Gro\u00dfbritannien, Russland und Italien.\" \/>\n<meta property=\"og:url\" content=\"https:\/\/s3-alliance.com\/de\/kontakt\/\" \/>\n<meta property=\"og:site_name\" content=\"S3 Alliance\" \/>\n<meta property=\"article:modified_time\" content=\"2025-05-26T08:39:40+00:00\" \/>\n<meta name=\"twitter:card\" content=\"summary_large_image\" \/>\n<meta name=\"twitter:label1\" content=\"Gesch\u00e4tzte Lesezeit\" \/>\n\t<meta name=\"twitter:data1\" content=\"3\u00a0Minuten\" \/>\n<script type=\"application\/ld+json\" class=\"yoast-schema-graph\">{\"@context\":\"https:\/\/schema.org\",\"@graph\":[{\"@type\":\"WebPage\",\"@id\":\"https:\/\/s3-alliance.com\/de\/kontakt\/\",\"url\":\"https:\/\/s3-alliance.com\/de\/kontakt\/\",\"name\":\"Contact S3 Alliance | Germany - UK - Russia - Italy Office Details\",\"isPartOf\":{\"@id\":\"https:\/\/s3-alliance.com\/de\/#website\"},\"datePublished\":\"2020-03-31T08:55:25+00:00\",\"dateModified\":\"2025-05-26T08:39:40+00:00\",\"description\":\"Kontaktieren Sie S3 Alliance f\u00fcr Detailanfragen zu unseren Produkten - Details zu unseren Standorten in Europa in Deutschland, Gro\u00dfbritannien, Russland und Italien.\",\"inLanguage\":\"de\",\"potentialAction\":[{\"@type\":\"ReadAction\",\"target\":[\"https:\/\/s3-alliance.com\/de\/kontakt\/\"]}]},{\"@type\":\"WebSite\",\"@id\":\"https:\/\/s3-alliance.com\/de\/#website\",\"url\":\"https:\/\/s3-alliance.com\/de\/\",\"name\":\"S3 Alliance\",\"description\":\"S3 Alliance is a market driven organization with more than 15 years of experience in the semiconductor, solar, life sciences and related market segments.\",\"publisher\":{\"@id\":\"https:\/\/s3-alliance.com\/de\/#organization\"},\"potentialAction\":[{\"@type\":\"SearchAction\",\"target\":{\"@type\":\"EntryPoint\",\"urlTemplate\":\"https:\/\/s3-alliance.com\/de\/?s={search_term_string}\"},\"query-input\":{\"@type\":\"PropertyValueSpecification\",\"valueRequired\":true,\"valueName\":\"search_term_string\"}}],\"inLanguage\":\"de\"},{\"@type\":\"Organization\",\"@id\":\"https:\/\/s3-alliance.com\/de\/#organization\",\"name\":\"S3 Alliance\",\"url\":\"https:\/\/s3-alliance.com\/de\/\",\"logo\":{\"@type\":\"ImageObject\",\"inLanguage\":\"de\",\"@id\":\"https:\/\/s3-alliance.com\/de\/#\/schema\/logo\/image\/\",\"url\":\"https:\/\/s3-alliance.com\/wp-content\/uploads\/2017\/05\/logo@2x.png\",\"contentUrl\":\"https:\/\/s3-alliance.com\/wp-content\/uploads\/2017\/05\/logo@2x.png\",\"width\":340,\"height\":200,\"caption\":\"S3 Alliance\"},\"image\":{\"@id\":\"https:\/\/s3-alliance.com\/de\/#\/schema\/logo\/image\/\"},\"sameAs\":[\"https:\/\/www.linkedin.com\/company\/s3-alliance\"]}]}<\/script>\n<!-- \/ Yoast SEO plugin. -->","yoast_head_json":{"title":"Contact S3 Alliance | Germany - UK - Russia - Italy Office Details","description":"Kontaktieren Sie S3 Alliance f\u00fcr Detailanfragen zu unseren Produkten - Details zu unseren Standorten in Europa in Deutschland, Gro\u00dfbritannien, Russland und Italien.","robots":{"index":"index","follow":"follow","max-snippet":"max-snippet:-1","max-image-preview":"max-image-preview:large","max-video-preview":"max-video-preview:-1"},"canonical":"https:\/\/s3-alliance.com\/de\/kontakt\/","og_locale":"de_DE","og_type":"article","og_title":"Contact S3 Alliance | Germany - UK - Russia - Italy Office Details","og_description":"Kontaktieren Sie S3 Alliance f\u00fcr Detailanfragen zu unseren Produkten - Details zu unseren Standorten in Europa in Deutschland, Gro\u00dfbritannien, Russland und Italien.","og_url":"https:\/\/s3-alliance.com\/de\/kontakt\/","og_site_name":"S3 Alliance","article_modified_time":"2025-05-26T08:39:40+00:00","twitter_card":"summary_large_image","twitter_misc":{"Gesch\u00e4tzte Lesezeit":"3\u00a0Minuten"},"schema":{"@context":"https:\/\/schema.org","@graph":[{"@type":"WebPage","@id":"https:\/\/s3-alliance.com\/de\/kontakt\/","url":"https:\/\/s3-alliance.com\/de\/kontakt\/","name":"Contact S3 Alliance | Germany - UK - Russia - Italy Office Details","isPartOf":{"@id":"https:\/\/s3-alliance.com\/de\/#website"},"datePublished":"2020-03-31T08:55:25+00:00","dateModified":"2025-05-26T08:39:40+00:00","description":"Kontaktieren Sie S3 Alliance f\u00fcr Detailanfragen zu unseren Produkten - Details zu unseren Standorten in Europa in Deutschland, Gro\u00dfbritannien, Russland und Italien.","inLanguage":"de","potentialAction":[{"@type":"ReadAction","target":["https:\/\/s3-alliance.com\/de\/kontakt\/"]}]},{"@type":"WebSite","@id":"https:\/\/s3-alliance.com\/de\/#website","url":"https:\/\/s3-alliance.com\/de\/","name":"S3 Alliance","description":"S3 Alliance is a market driven organization with more than 15 years of experience in the semiconductor, solar, life sciences and related market segments.","publisher":{"@id":"https:\/\/s3-alliance.com\/de\/#organization"},"potentialAction":[{"@type":"SearchAction","target":{"@type":"EntryPoint","urlTemplate":"https:\/\/s3-alliance.com\/de\/?s={search_term_string}"},"query-input":{"@type":"PropertyValueSpecification","valueRequired":true,"valueName":"search_term_string"}}],"inLanguage":"de"},{"@type":"Organization","@id":"https:\/\/s3-alliance.com\/de\/#organization","name":"S3 Alliance","url":"https:\/\/s3-alliance.com\/de\/","logo":{"@type":"ImageObject","inLanguage":"de","@id":"https:\/\/s3-alliance.com\/de\/#\/schema\/logo\/image\/","url":"https:\/\/s3-alliance.com\/wp-content\/uploads\/2017\/05\/logo@2x.png","contentUrl":"https:\/\/s3-alliance.com\/wp-content\/uploads\/2017\/05\/logo@2x.png","width":340,"height":200,"caption":"S3 Alliance"},"image":{"@id":"https:\/\/s3-alliance.com\/de\/#\/schema\/logo\/image\/"},"sameAs":["https:\/\/www.linkedin.com\/company\/s3-alliance"]}]}},"_links":{"self":[{"href":"https:\/\/s3-alliance.com\/de\/wp-json\/wp\/v2\/pages\/5066","targetHints":{"allow":["GET"]}}],"collection":[{"href":"https:\/\/s3-alliance.com\/de\/wp-json\/wp\/v2\/pages"}],"about":[{"href":"https:\/\/s3-alliance.com\/de\/wp-json\/wp\/v2\/types\/page"}],"author":[{"embeddable":true,"href":"https:\/\/s3-alliance.com\/de\/wp-json\/wp\/v2\/users\/1"}],"replies":[{"embeddable":true,"href":"https:\/\/s3-alliance.com\/de\/wp-json\/wp\/v2\/comments?post=5066"}],"version-history":[{"count":0,"href":"https:\/\/s3-alliance.com\/de\/wp-json\/wp\/v2\/pages\/5066\/revisions"}],"wp:attachment":[{"href":"https:\/\/s3-alliance.com\/de\/wp-json\/wp\/v2\/media?parent=5066"}],"curies":[{"name":"wp","href":"https:\/\/api.w.org\/{rel}","templated":true}]}}