{"id":11990,"date":"2024-10-04T17:46:31","date_gmt":"2024-10-04T15:46:31","guid":{"rendered":"https:\/\/dev.webdesign-le.de\/life-sciences\/"},"modified":"2025-02-19T12:27:22","modified_gmt":"2025-02-19T11:27:22","slug":"life-sciences","status":"publish","type":"page","link":"https:\/\/s3-alliance.com\/de\/life-sciences\/","title":{"rendered":"Life Sciences"},"content":{"rendered":"<div class=\"wpb-content-wrapper\"><p>[vc_row css_animation=&#8220;fadeIn&#8220; css=&#8220;.vc_custom_1724167108419{margin-top: 20px !important;margin-bottom: 20px !important;}&#8220; el_id=&#8220;term-description&#8220;][vc_column]<h2>S3 Alliance<\/h2>\n<p>bietet das Netz und die Produktpalette, die unseren Kunden f\u00fcr Spitzenleistungen brauchen. Unsere Liefer- und Servicel\u00f6sungen sind auf die sich st\u00e4ndig \u00e4ndernden Anforderungen unserer Kunden zugeschnitten und erm\u00f6glichen es, auf dem globalen Markt wettbewerbsf\u00e4hig zu sein. F\u00fcr die Branche der Biowissenschaften beschaffen und bieten wir Qualit\u00e4tsprodukte zum richtigen Preis.<\/p>\n<p>Innerhalb dieses Marktes bieten wir L\u00f6sungen in den folgenden Bereichen an:<\/p>\n[\/vc_column][\/vc_row][vc_row css_animation=&#8220;fadeIn&#8220;][vc_column][vc_text_separator title=&#8220;W\u00e4hlen Sie Ihr Interessengebiet&#8220; border_width=&#8220;2&#8243; el_width=&#8220;60&#8243; el_class=&#8220;trennlinie&#8220;][\/vc_column][\/vc_row][vc_row gap=&#8220;10&#8243; equal_height=&#8220;yes&#8220; css_animation=&#8220;fadeIn&#8220; el_class=&#8220;sem-rahmen&#8220;][vc_column width=&#8220;1\/4&#8243; el_id=&#8220;equipment&#8220;][vc_btn title=&#8220;Equipment&#8220; color=&#8220;default&#8220; size=&#8220;lg&#8220; align=&#8220;center&#8220; css_animation=&#8220;fadeIn&#8220; button_block=&#8220;true&#8220; link=&#8220;url:https%3A%2F%2Fs3-alliance.com%2Flife-sciences%2Fequipment%2F|title:Equipment&#8220; el_class=&#8220;cardbutton&#8220; el_id=&#8220;equipment-button&#8220;][vc_single_image image=&#8220;11201&#8243; img_size=&#8220;&#8220; alignment=&#8220;center&#8220; style=&#8220;vc_box_shadow&#8220; onclick=&#8220;custom_link&#8220; css_animation=&#8220;fadeIn&#8220; link=&#8220;https:\/\/s3-alliance.com\/\/de\/process-equipment-2\/&#8220;][\/vc_column][vc_column width=&#8220;1\/4&#8243; el_id=&#8220;handling&#8220;][vc_btn title=&#8220;Messtechnik&#8220; color=&#8220;default&#8220; size=&#8220;lg&#8220; align=&#8220;center&#8220; css_animation=&#8220;fadeIn&#8220; button_block=&#8220;true&#8220; link=&#8220;url:https%3A%2F%2Fs3-alliance.com%2Flife-sciences%2Fmetrology%2F|title:Prozessausr%C3%BCstung|&#8220; el_id=&#8220;handling-button&#8220; el_class=&#8220;cardbutton&#8220;][vc_single_image image=&#8220;7452&#8243; img_size=&#8220;&#8220; alignment=&#8220;center&#8220; style=&#8220;vc_box_shadow&#8220; onclick=&#8220;custom_link&#8220; css_animation=&#8220;fadeIn&#8220; link=&#8220;https:\/\/s3-alliance.com\/\/de\/green-energy\/messtechnik\/&#8220;][\/vc_column][vc_column width=&#8220;1\/4&#8243; el_id=&#8220;parts&#8220;][vc_btn title=&#8220;Ersatzteile und Verbrauchsmaterialien&#8220; color=&#8220;default&#8220; size=&#8220;lg&#8220; align=&#8220;center&#8220; css_animation=&#8220;fadeIn&#8220; button_block=&#8220;true&#8220; link=&#8220;url:https%3A%2F%2Fs3-alliance.com%2Flife-sciences%2Fparts-consumables%2F|title:Ersatzteile%20%20Verbrauchsmaterialien|&#8220; el_class=&#8220;cardbutton&#8220; el_id=&#8220;parts-button&#8220;][vc_single_image image=&#8220;11203&#8243; img_size=&#8220;&#8220; alignment=&#8220;center&#8220; style=&#8220;vc_box_shadow&#8220; onclick=&#8220;custom_link&#8220; css_animation=&#8220;fadeIn&#8220; link=&#8220;https:\/\/s3-alliance.com\/\/life-sciences\/parts-consumables\/&#8220;][\/vc_column][vc_column width=&#8220;1\/4&#8243;][vc_btn title=&#8220;Dienstleistungen&#8220; color=&#8220;default&#8220; size=&#8220;lg&#8220; align=&#8220;center&#8220; css_animation=&#8220;fadeIn&#8220; button_block=&#8220;true&#8220; link=&#8220;url:https%3A%2F%2Fs3-alliance.com%2Flife-sciences%2Fservices%2F|title:Dienstleistungen|&#8220; el_class=&#8220;cardbutton&#8220; el_id=&#8220;service-button&#8220;][vc_single_image image=&#8220;11360&#8243; img_size=&#8220;&#8220; alignment=&#8220;center&#8220; style=&#8220;vc_box_shadow&#8220; onclick=&#8220;custom_link&#8220; css_animation=&#8220;fadeIn&#8220; link=&#8220;https:\/\/s3-alliance.com\/\/life-sciences\/services\/&#8220;][\/vc_column][\/vc_row][vc_row css_animation=&#8220;fadeIn&#8220; css=&#8220;.vc_custom_1682684531021{margin-top: 80px !important;}&#8220;][vc_column][vc_text_separator title=&#8220;neue Produkte in diesem Bereich&#8220; border_width=&#8220;2&#8243; el_width=&#8220;60&#8243; el_class=&#8220;trennlinie&#8220;][\/vc_column][\/vc_row][vc_row][vc_column][vc_column_text css_animation=&#8220;fadeIn&#8220;]<div id=\"new-royalslider-4\" class=\"royalSlider new-royalslider-4 rs-lo-skin visibleNearbyZoom\" style=\"width:100%;height:300px;;\" data-rs-options='{&quot;template&quot;:&quot;default&quot;,&quot;image_generation&quot;:{&quot;imageWidth&quot;:&quot;&quot;,&quot;imageHeight&quot;:&quot;&quot;,&quot;thumbImageWidth&quot;:&quot;&quot;,&quot;thumbImageHeight&quot;:&quot;&quot;},&quot;thumbs&quot;:{&quot;thumbWidth&quot;:96,&quot;thumbHeight&quot;:72},&quot;autoPlay&quot;:{&quot;enabled&quot;:&quot;true&quot;},&quot;visibleNearby&quot;:{&quot;enabled&quot;:&quot;true&quot;,&quot;centerArea&quot;:0.5,&quot;breakpoint&quot;:650,&quot;breakpointCenterArea&quot;:0.64,&quot;navigateByCenterClick&quot;:&quot;true&quot;},&quot;video&quot;:{&quot;autoHideBlocks&quot;:&quot;true&quot;},&quot;width&quot;:&quot;100%&quot;,&quot;height&quot;:&quot;300px&quot;,&quot;autoScaleSliderWidth&quot;:960,&quot;autoScaleSliderHeight&quot;:340,&quot;controlNavigation&quot;:&quot;none&quot;,&quot;arrowsNavHideOnTouch&quot;:&quot;true&quot;,&quot;globalCaption&quot;:&quot;true&quot;,&quot;loop&quot;:&quot;true&quot;,&quot;keyboardNavEnabled&quot;:&quot;true&quot;,&quot;fadeinLoadedSlide&quot;:&quot;false&quot;,&quot;addActiveClass&quot;:&quot;true&quot;}'>\n<div class=\"rsContent\">\n  <img decoding=\"async\" class=\"rsImg\" src=\"https:\/\/s3-alliance.com\/wp-content\/uploads\/2025\/04\/phaostech-ptz-b.jpg\" alt=\"PT Zoom Series \u2013 PTZ B+\"\/>\n  \n  <div class=\"rsCaption\">\n    <h5>PT Zoom Series \u2013 PTZ B+<\/h5>\n    <span><\/span>\n  <\/div>\n  \n  \n  <a class=\"rsLink\" href=\"https:\/\/s3-alliance.com\/de\/products\/pt-zoom-series\/\">PT Zoom Series \u2013 PTZ B+<\/a>\n<\/div>\n<div class=\"rsContent\">\n  <img decoding=\"async\" class=\"rsImg\" src=\"https:\/\/s3-alliance.com\/wp-content\/uploads\/2025\/02\/onto-prima-scan-600-600mm.jpg\" alt=\"PrimaScan\u2122 P Serie\"\/>\n  \n  <div class=\"rsCaption\">\n    <h5>PrimaScan\u2122 P Serie<\/h5>\n    <span><\/span>\n  <\/div>\n  \n  \n  <a class=\"rsLink\" href=\"https:\/\/s3-alliance.com\/de\/products\/primascan-p-series-de\/\">PrimaScan\u2122 P Serie<\/a>\n<\/div>\n<div class=\"rsContent\">\n  <img decoding=\"async\" class=\"rsImg\" src=\"https:\/\/s3-alliance.com\/wp-content\/uploads\/2025\/02\/onto-celero-pl-100-300mm.jpg\" alt=\"Celero\u2122 PL System\"\/>\n  \n  <div class=\"rsCaption\">\n    <h5>Celero\u2122 PL System<\/h5>\n    <span><\/span>\n  <\/div>\n  \n  \n  <a class=\"rsLink\" href=\"https:\/\/s3-alliance.com\/de\/products\/celero-pl-system-de\/\">Celero\u2122 PL System<\/a>\n<\/div>\n<div class=\"rsContent\">\n  <img decoding=\"async\" class=\"rsImg\" src=\"https:\/\/s3-alliance.com\/wp-content\/uploads\/2025\/02\/emcrafts-k1-ion-coater.jpg\" alt=\"K-1 Ionen Sputter Coater\"\/>\n  \n  <div class=\"rsCaption\">\n    <h5>K-1 Ionen Sputter Coater<\/h5>\n    <span><\/span>\n  <\/div>\n  \n  \n  <a class=\"rsLink\" href=\"https:\/\/s3-alliance.com\/de\/products\/k-1-ion-sputter-coater-de\/\">K-1 Ionen Sputter Coater<\/a>\n<\/div>\n<div class=\"rsContent\">\n  <img decoding=\"async\" class=\"rsImg\" src=\"https:\/\/s3-alliance.com\/wp-content\/uploads\/2025\/02\/phaostech-optonano-200-front.jpg\" alt=\"OptoNano 200\"\/>\n  \n  <div class=\"rsCaption\">\n    <h5>OptoNano 200<\/h5>\n    <span><\/span>\n  <\/div>\n  \n  \n  <a class=\"rsLink\" href=\"https:\/\/s3-alliance.com\/de\/products\/optonano-200\/\">OptoNano 200<\/a>\n<\/div>\n<div class=\"rsContent\">\n  <img decoding=\"async\" class=\"rsImg\" src=\"https:\/\/s3-alliance.com\/wp-content\/uploads\/2025\/02\/onto-prima-scan-100-450mm.jpg\" alt=\"PrimaScan\u2122 Serie\"\/>\n  \n  <div class=\"rsCaption\">\n    <h5>PrimaScan\u2122 Serie<\/h5>\n    <span><\/span>\n  <\/div>\n  \n  \n  <a class=\"rsLink\" href=\"https:\/\/s3-alliance.com\/de\/products\/primascan-series-de\/\">PrimaScan\u2122 Serie<\/a>\n<\/div>\n<div class=\"rsContent\">\n  <img decoding=\"async\" class=\"rsImg\" src=\"https:\/\/s3-alliance.com\/wp-content\/uploads\/2020\/05\/genesis1000-1.png\" alt=\"Genesis-Serie (Kompaktes REM)\"\/>\n  \n  <div class=\"rsCaption\">\n    <h5>Genesis-Serie (Kompaktes REM)<\/h5>\n    <span><\/span>\n  <\/div>\n  \n  \n  <a class=\"rsLink\" href=\"https:\/\/s3-alliance.com\/de\/products\/genesis-series-kompaktes-rem\/\">Genesis-Serie (Kompaktes REM)<\/a>\n<\/div>\n\n<\/div>\n[\/vc_column_text][\/vc_column][\/vc_row]<\/p>\n<\/div>","protected":false},"excerpt":{"rendered":"<p>[vc_row css_animation=&#8220;fadeIn&#8220; css=&#8220;.vc_custom_1724167108419{margin-top: 20px !important;margin-bottom: 20px !important;}&#8220; el_id=&#8220;term-description&#8220;][vc_column][\/vc_column][\/vc_row][vc_row css_animation=&#8220;fadeIn&#8220;][vc_column][vc_text_separator title=&#8220;W\u00e4hlen Sie Ihr Interessengebiet&#8220; border_width=&#8220;2&#8243; el_width=&#8220;60&#8243; el_class=&#8220;trennlinie&#8220;][\/vc_column][\/vc_row][vc_row gap=&#8220;10&#8243; equal_height=&#8220;yes&#8220; css_animation=&#8220;fadeIn&#8220; el_class=&#8220;sem-rahmen&#8220;][vc_column width=&#8220;1\/4&#8243; el_id=&#8220;equipment&#8220;][vc_btn title=&#8220;Equipment&#8220; color=&#8220;default&#8220; size=&#8220;lg&#8220; align=&#8220;center&#8220; css_animation=&#8220;fadeIn&#8220; button_block=&#8220;true&#8220; link=&#8220;url:https%3A%2F%2Fs3-alliance.com%2Flife-sciences%2Fequipment%2F|title:Equipment&#8220; el_class=&#8220;cardbutton&#8220; el_id=&#8220;equipment-button&#8220;][vc_single_image image=&#8220;11201&#8243; img_size=&#8220;&#8220; alignment=&#8220;center&#8220; style=&#8220;vc_box_shadow&#8220; onclick=&#8220;custom_link&#8220; css_animation=&#8220;fadeIn&#8220; link=&#8220;https:\/\/s3-alliance.com\/\/de\/process-equipment-2\/&#8220;][\/vc_column][vc_column width=&#8220;1\/4&#8243; el_id=&#8220;handling&#8220;][vc_btn title=&#8220;Messtechnik&#8220; color=&#8220;default&#8220; size=&#8220;lg&#8220; align=&#8220;center&#8220; css_animation=&#8220;fadeIn&#8220; button_block=&#8220;true&#8220; link=&#8220;url:https%3A%2F%2Fs3-alliance.com%2Flife-sciences%2Fmetrology%2F|title:Prozessausr%C3%BCstung|&#8220; el_id=&#8220;handling-button&#8220; el_class=&#8220;cardbutton&#8220;][vc_single_image image=&#8220;7452&#8243; img_size=&#8220;&#8220; alignment=&#8220;center&#8220; style=&#8220;vc_box_shadow&#8220; onclick=&#8220;custom_link&#8220; css_animation=&#8220;fadeIn&#8220;<a class=\"excerpt-read-more\" href=\"https:\/\/s3-alliance.com\/de\/products\/genesis-series-kompaktes-rem\/\" title=\"ReadGenesis-Serie (Kompaktes REM)\">&#8230; Read more &raquo;<\/a><\/p>\n","protected":false},"author":5,"featured_media":0,"parent":0,"menu_order":0,"comment_status":"closed","ping_status":"closed","template":"template-full-width.php","meta":{"_acf_changed":false,"footnotes":""},"class_list":["post-11990","page","type-page","status-publish","hentry"],"acf":[],"yoast_head":"<!-- This site is optimized with the Yoast SEO plugin v27.2 - https:\/\/yoast.com\/product\/yoast-seo-wordpress\/ -->\n<title>Life Sciences - S3 Alliance<\/title>\n<meta name=\"robots\" content=\"index, follow, max-snippet:-1, max-image-preview:large, max-video-preview:-1\" \/>\n<link rel=\"canonical\" href=\"https:\/\/s3-alliance.com\/de\/life-sciences\/\" \/>\n<meta property=\"og:locale\" content=\"de_DE\" \/>\n<meta property=\"og:type\" content=\"article\" \/>\n<meta property=\"og:title\" content=\"Life Sciences - S3 Alliance\" \/>\n<meta property=\"og:description\" content=\"[vc_row css_animation=&#8220;fadeIn&#8220; css=&#8220;.vc_custom_1724167108419{margin-top: 20px !important;margin-bottom: 20px !important;}&#8220; el_id=&#8220;term-description&#8220;][vc_column][\/vc_column][\/vc_row][vc_row css_animation=&#8220;fadeIn&#8220;][vc_column][vc_text_separator title=&#8220;W\u00e4hlen Sie Ihr Interessengebiet&#8220; border_width=&#8220;2&#8243; el_width=&#8220;60&#8243; el_class=&#8220;trennlinie&#8220;][\/vc_column][\/vc_row][vc_row gap=&#8220;10&#8243; equal_height=&#8220;yes&#8220; css_animation=&#8220;fadeIn&#8220; el_class=&#8220;sem-rahmen&#8220;][vc_column width=&#8220;1\/4&#8243; el_id=&#8220;equipment&#8220;][vc_btn title=&#8220;Equipment&#8220; color=&#8220;default&#8220; size=&#8220;lg&#8220; align=&#8220;center&#8220; css_animation=&#8220;fadeIn&#8220; button_block=&#8220;true&#8220; link=&#8220;url:https%3A%2F%2Fs3-alliance.com%2Flife-sciences%2Fequipment%2F|title:Equipment&#8220; el_class=&#8220;cardbutton&#8220; el_id=&#8220;equipment-button&#8220;][vc_single_image image=&#8220;11201&#8243; img_size=&#8220;&#8220; alignment=&#8220;center&#8220; style=&#8220;vc_box_shadow&#8220; onclick=&#8220;custom_link&#8220; css_animation=&#8220;fadeIn&#8220; link=&#8220;https:\/\/s3-alliance.com\/\/de\/process-equipment-2\/&#8220;][\/vc_column][vc_column width=&#8220;1\/4&#8243; el_id=&#8220;handling&#8220;][vc_btn title=&#8220;Messtechnik&#8220; color=&#8220;default&#8220; size=&#8220;lg&#8220; align=&#8220;center&#8220; css_animation=&#8220;fadeIn&#8220; button_block=&#8220;true&#8220; link=&#8220;url:https%3A%2F%2Fs3-alliance.com%2Flife-sciences%2Fmetrology%2F|title:Prozessausr%C3%BCstung|&#8220; el_id=&#8220;handling-button&#8220; el_class=&#8220;cardbutton&#8220;][vc_single_image image=&#8220;7452&#8243; img_size=&#8220;&#8220; alignment=&#8220;center&#8220; style=&#8220;vc_box_shadow&#8220; onclick=&#8220;custom_link&#8220; css_animation=&#8220;fadeIn&#8220;... Read more &raquo;\" \/>\n<meta property=\"og:url\" content=\"https:\/\/s3-alliance.com\/de\/life-sciences\/\" \/>\n<meta property=\"og:site_name\" content=\"S3 Alliance\" \/>\n<meta property=\"article:modified_time\" content=\"2025-02-19T11:27:22+00:00\" \/>\n<meta name=\"twitter:card\" content=\"summary_large_image\" \/>\n<meta name=\"twitter:label1\" content=\"Gesch\u00e4tzte Lesezeit\" \/>\n\t<meta name=\"twitter:data1\" content=\"1\u00a0Minute\" \/>\n<script type=\"application\/ld+json\" class=\"yoast-schema-graph\">{\"@context\":\"https:\/\/schema.org\",\"@graph\":[{\"@type\":\"WebPage\",\"@id\":\"https:\/\/s3-alliance.com\/de\/life-sciences\/\",\"url\":\"https:\/\/s3-alliance.com\/de\/life-sciences\/\",\"name\":\"Life Sciences - S3 Alliance\",\"isPartOf\":{\"@id\":\"https:\/\/s3-alliance.com\/de\/#website\"},\"datePublished\":\"2024-10-04T15:46:31+00:00\",\"dateModified\":\"2025-02-19T11:27:22+00:00\",\"inLanguage\":\"de\",\"potentialAction\":[{\"@type\":\"ReadAction\",\"target\":[\"https:\/\/s3-alliance.com\/de\/life-sciences\/\"]}]},{\"@type\":\"WebSite\",\"@id\":\"https:\/\/s3-alliance.com\/de\/#website\",\"url\":\"https:\/\/s3-alliance.com\/de\/\",\"name\":\"S3 Alliance\",\"description\":\"S3 Alliance is a market driven organization with more than 15 years of experience in the semiconductor, solar, life sciences and related market segments.\",\"publisher\":{\"@id\":\"https:\/\/s3-alliance.com\/de\/#organization\"},\"potentialAction\":[{\"@type\":\"SearchAction\",\"target\":{\"@type\":\"EntryPoint\",\"urlTemplate\":\"https:\/\/s3-alliance.com\/de\/?s={search_term_string}\"},\"query-input\":{\"@type\":\"PropertyValueSpecification\",\"valueRequired\":true,\"valueName\":\"search_term_string\"}}],\"inLanguage\":\"de\"},{\"@type\":\"Organization\",\"@id\":\"https:\/\/s3-alliance.com\/de\/#organization\",\"name\":\"S3 Alliance\",\"url\":\"https:\/\/s3-alliance.com\/de\/\",\"logo\":{\"@type\":\"ImageObject\",\"inLanguage\":\"de\",\"@id\":\"https:\/\/s3-alliance.com\/de\/#\/schema\/logo\/image\/\",\"url\":\"https:\/\/s3-alliance.com\/wp-content\/uploads\/2017\/05\/logo@2x.png\",\"contentUrl\":\"https:\/\/s3-alliance.com\/wp-content\/uploads\/2017\/05\/logo@2x.png\",\"width\":340,\"height\":200,\"caption\":\"S3 Alliance\"},\"image\":{\"@id\":\"https:\/\/s3-alliance.com\/de\/#\/schema\/logo\/image\/\"},\"sameAs\":[\"https:\/\/www.linkedin.com\/company\/s3-alliance\"]}]}<\/script>\n<!-- \/ Yoast SEO plugin. -->","yoast_head_json":{"title":"Life Sciences - S3 Alliance","robots":{"index":"index","follow":"follow","max-snippet":"max-snippet:-1","max-image-preview":"max-image-preview:large","max-video-preview":"max-video-preview:-1"},"canonical":"https:\/\/s3-alliance.com\/de\/life-sciences\/","og_locale":"de_DE","og_type":"article","og_title":"Life Sciences - S3 Alliance","og_description":"[vc_row css_animation=&#8220;fadeIn&#8220; css=&#8220;.vc_custom_1724167108419{margin-top: 20px !important;margin-bottom: 20px !important;}&#8220; el_id=&#8220;term-description&#8220;][vc_column][\/vc_column][\/vc_row][vc_row css_animation=&#8220;fadeIn&#8220;][vc_column][vc_text_separator title=&#8220;W\u00e4hlen Sie Ihr Interessengebiet&#8220; border_width=&#8220;2&#8243; el_width=&#8220;60&#8243; el_class=&#8220;trennlinie&#8220;][\/vc_column][\/vc_row][vc_row gap=&#8220;10&#8243; equal_height=&#8220;yes&#8220; css_animation=&#8220;fadeIn&#8220; el_class=&#8220;sem-rahmen&#8220;][vc_column width=&#8220;1\/4&#8243; el_id=&#8220;equipment&#8220;][vc_btn title=&#8220;Equipment&#8220; color=&#8220;default&#8220; size=&#8220;lg&#8220; align=&#8220;center&#8220; css_animation=&#8220;fadeIn&#8220; button_block=&#8220;true&#8220; link=&#8220;url:https%3A%2F%2Fs3-alliance.com%2Flife-sciences%2Fequipment%2F|title:Equipment&#8220; el_class=&#8220;cardbutton&#8220; el_id=&#8220;equipment-button&#8220;][vc_single_image image=&#8220;11201&#8243; img_size=&#8220;&#8220; alignment=&#8220;center&#8220; style=&#8220;vc_box_shadow&#8220; onclick=&#8220;custom_link&#8220; css_animation=&#8220;fadeIn&#8220; link=&#8220;https:\/\/s3-alliance.com\/\/de\/process-equipment-2\/&#8220;][\/vc_column][vc_column width=&#8220;1\/4&#8243; el_id=&#8220;handling&#8220;][vc_btn title=&#8220;Messtechnik&#8220; color=&#8220;default&#8220; size=&#8220;lg&#8220; align=&#8220;center&#8220; css_animation=&#8220;fadeIn&#8220; button_block=&#8220;true&#8220; link=&#8220;url:https%3A%2F%2Fs3-alliance.com%2Flife-sciences%2Fmetrology%2F|title:Prozessausr%C3%BCstung|&#8220; el_id=&#8220;handling-button&#8220; el_class=&#8220;cardbutton&#8220;][vc_single_image image=&#8220;7452&#8243; img_size=&#8220;&#8220; alignment=&#8220;center&#8220; style=&#8220;vc_box_shadow&#8220; onclick=&#8220;custom_link&#8220; css_animation=&#8220;fadeIn&#8220;... Read more &raquo;","og_url":"https:\/\/s3-alliance.com\/de\/life-sciences\/","og_site_name":"S3 Alliance","article_modified_time":"2025-02-19T11:27:22+00:00","twitter_card":"summary_large_image","twitter_misc":{"Gesch\u00e4tzte Lesezeit":"1\u00a0Minute"},"schema":{"@context":"https:\/\/schema.org","@graph":[{"@type":"WebPage","@id":"https:\/\/s3-alliance.com\/de\/life-sciences\/","url":"https:\/\/s3-alliance.com\/de\/life-sciences\/","name":"Life Sciences - S3 Alliance","isPartOf":{"@id":"https:\/\/s3-alliance.com\/de\/#website"},"datePublished":"2024-10-04T15:46:31+00:00","dateModified":"2025-02-19T11:27:22+00:00","inLanguage":"de","potentialAction":[{"@type":"ReadAction","target":["https:\/\/s3-alliance.com\/de\/life-sciences\/"]}]},{"@type":"WebSite","@id":"https:\/\/s3-alliance.com\/de\/#website","url":"https:\/\/s3-alliance.com\/de\/","name":"S3 Alliance","description":"S3 Alliance is a market driven organization with more than 15 years of experience in the semiconductor, solar, life sciences and related market segments.","publisher":{"@id":"https:\/\/s3-alliance.com\/de\/#organization"},"potentialAction":[{"@type":"SearchAction","target":{"@type":"EntryPoint","urlTemplate":"https:\/\/s3-alliance.com\/de\/?s={search_term_string}"},"query-input":{"@type":"PropertyValueSpecification","valueRequired":true,"valueName":"search_term_string"}}],"inLanguage":"de"},{"@type":"Organization","@id":"https:\/\/s3-alliance.com\/de\/#organization","name":"S3 Alliance","url":"https:\/\/s3-alliance.com\/de\/","logo":{"@type":"ImageObject","inLanguage":"de","@id":"https:\/\/s3-alliance.com\/de\/#\/schema\/logo\/image\/","url":"https:\/\/s3-alliance.com\/wp-content\/uploads\/2017\/05\/logo@2x.png","contentUrl":"https:\/\/s3-alliance.com\/wp-content\/uploads\/2017\/05\/logo@2x.png","width":340,"height":200,"caption":"S3 Alliance"},"image":{"@id":"https:\/\/s3-alliance.com\/de\/#\/schema\/logo\/image\/"},"sameAs":["https:\/\/www.linkedin.com\/company\/s3-alliance"]}]}},"_links":{"self":[{"href":"https:\/\/s3-alliance.com\/de\/wp-json\/wp\/v2\/pages\/11990","targetHints":{"allow":["GET"]}}],"collection":[{"href":"https:\/\/s3-alliance.com\/de\/wp-json\/wp\/v2\/pages"}],"about":[{"href":"https:\/\/s3-alliance.com\/de\/wp-json\/wp\/v2\/types\/page"}],"author":[{"embeddable":true,"href":"https:\/\/s3-alliance.com\/de\/wp-json\/wp\/v2\/users\/5"}],"replies":[{"embeddable":true,"href":"https:\/\/s3-alliance.com\/de\/wp-json\/wp\/v2\/comments?post=11990"}],"version-history":[{"count":0,"href":"https:\/\/s3-alliance.com\/de\/wp-json\/wp\/v2\/pages\/11990\/revisions"}],"wp:attachment":[{"href":"https:\/\/s3-alliance.com\/de\/wp-json\/wp\/v2\/media?parent=11990"}],"curies":[{"name":"wp","href":"https:\/\/api.w.org\/{rel}","templated":true}]}}