{"id":11988,"date":"2024-10-04T17:46:27","date_gmt":"2024-10-04T15:46:27","guid":{"rendered":"https:\/\/dev.webdesign-le.de\/messtechnik\/"},"modified":"2025-04-29T18:07:15","modified_gmt":"2025-04-29T16:07:15","slug":"messtechnik","status":"publish","type":"page","link":"https:\/\/s3-alliance.com\/de\/life-sciences\/messtechnik\/","title":{"rendered":"Messtechnik"},"content":{"rendered":"<div class=\"wpb-content-wrapper\"><p>[vc_row el_id=&#8220;term-description&#8220;][vc_column]<h2>F\u00fcr den Bereich Life Sciences<\/h2>\n<p>vereinen sich Pr\u00e4zision und Innovation, um Forschung und Entwicklung voranzutreiben. Wir bieten ein umfassendes Sortiment an Messtechnikl\u00f6sungen, die darauf ausgelegt sind, die Genauigkeit und Zuverl\u00e4ssigkeit in Ihrem Labor zu steigern. Unsere hochmodernen Instrumente erm\u00f6glichen es Wissenschaftlern und Forschern, au\u00dfergew\u00f6hnliche Ergebnisse zu erzielen und sicherzustellen, dass Ihre Arbeit von den h\u00f6chsten Standards der Messtechnologie unterst\u00fctzt wird.<\/p>\n<p>Entdecken Sie, wie unsere Produkte Ihre wissenschaftlichen Bestrebungen auf ein neues Niveau heben k\u00f6nnen.<\/p>\n[\/vc_column][\/vc_row][vc_row css_animation=&#8220;fadeIn&#8220;][vc_column][vc_text_separator title=&#8220;W\u00e4hlen Sie Ihr Interessengebiet&#8220; border_width=&#8220;2&#8243; el_width=&#8220;40&#8243; el_class=&#8220;trennlinie&#8220;][\/vc_column][\/vc_row][vc_row gap=&#8220;10&#8243; equal_height=&#8220;yes&#8220; css_animation=&#8220;fadeIn&#8220; el_class=&#8220;sem-rahmen&#8220;][vc_column width=&#8220;1\/2&#8243; offset=&#8220;vc_col-lg-1\/5 vc_col-md-3 vc_col-xs-12&#8243;][vc_btn title=&#8220;Optische Oberfl\u00e4cheninspektion&#8220; color=&#8220;default&#8220; size=&#8220;lg&#8220; align=&#8220;center&#8220; css_animation=&#8220;fadeIn&#8220; button_block=&#8220;true&#8220; link=&#8220;url:https%3A%2F%2Fs3-alliance.com%2Fde%2Farea%2Flife-sciences-de%2Fmetrology-ls-de%2Foptical-surface-inspection-ls-de%2F|title:Optische%20Oberfl%C3%A4cheninspektion|&#8220; el_class=&#8220;cardbutton prozess-equipment&#8220;][vc_single_image image=&#8220;12717&#8243; img_size=&#8220;&#8220; alignment=&#8220;center&#8220; style=&#8220;vc_box_shadow&#8220; onclick=&#8220;custom_link&#8220; css_animation=&#8220;fadeIn&#8220; css=&#8220;&#8220; link=&#8220;https:\/\/s3-alliance.com\/de\/area\/life-sciences-de\/metrology-ls-de\/optical-surface-inspection-ls-de\/&#8220;][\/vc_column][vc_column width=&#8220;1\/2&#8243; el_class=&#8220;application-card pe&#8220; offset=&#8220;vc_col-lg-1\/5 vc_col-md-3 vc_col-xs-12&#8243;][vc_btn title=&#8220;Elektronische (REM) &amp; Optische Mikroskope&#8220; color=&#8220;default&#8220; size=&#8220;lg&#8220; align=&#8220;center&#8220; css_animation=&#8220;fadeIn&#8220; css=&#8220;&#8220; button_block=&#8220;true&#8220; link=&#8220;url:https%3A%2F%2Fs3-alliance.com%2Fde%2Farea%2Flife-sciences-de%2Fmetrology-ls-de%2Fscanning-electron-microscope-ls-de%2F|title:Elektronische%20(REM)%20%26%20Optische%20Mikroskope&#8220; el_class=&#8220;cardbutton prozess-equipment&#8220;][vc_single_image image=&#8220;11620&#8243; img_size=&#8220;&#8220; alignment=&#8220;center&#8220; style=&#8220;vc_box_shadow&#8220; onclick=&#8220;custom_link&#8220; css_animation=&#8220;fadeIn&#8220; link=&#8220;https:\/\/s3-alliance.com\/de\/area\/life-sciences-de\/metrology-ls-de\/scanning-electron-microscope-ls-de\/&#8220;][\/vc_column][vc_column width=&#8220;1\/2&#8243; el_class=&#8220;application-card pe&#8220; offset=&#8220;vc_col-lg-1\/5 vc_col-md-3 vc_col-xs-12&#8243;][vc_btn title=&#8220;Fl\u00fcssigkeitsdurchfluss\u00ad\u00admessung &amp; Blasendetektion&#8220; color=&#8220;default&#8220; size=&#8220;lg&#8220; align=&#8220;center&#8220; css_animation=&#8220;fadeIn&#8220; css=&#8220;&#8220; button_block=&#8220;true&#8220; link=&#8220;url:https%3A%2F%2Fs3-alliance.com%2Fde%2Farea%2Flife-sciences-de%2Fmetrology-ls-de%2Fliquid-flow-measurement_bubble-detection-ls-de%2F|title:Fl%C3%BCssigkeitsdurchfluss%26shy%3Bmessung%20%26amp%3B%20Blasendetektion&#8220; el_class=&#8220;cardbutton prozess-equipment&#8220;][vc_single_image image=&#8220;11629&#8243; img_size=&#8220;&#8220; alignment=&#8220;center&#8220; style=&#8220;vc_box_shadow&#8220; onclick=&#8220;custom_link&#8220; css_animation=&#8220;fadeIn&#8220; css=&#8220;&#8220; link=&#8220;https:\/\/s3-alliance.com\/de\/area\/life-sciences-de\/metrology-ls-de\/liquid-flow-measurement_bubble-detection-ls-de\/&#8220;][\/vc_column][vc_column width=&#8220;1\/2&#8243; el_class=&#8220;application-card pe&#8220; offset=&#8220;vc_col-lg-1\/5 vc_col-md-3 vc_col-xs-12&#8243;][vc_btn title=&#8220;Messger\u00e4t f\u00fcr chemische Konzentrationen&#8220; color=&#8220;default&#8220; size=&#8220;lg&#8220; align=&#8220;center&#8220; css_animation=&#8220;fadeIn&#8220; button_block=&#8220;true&#8220; link=&#8220;url:https%3A%2F%2Fs3-alliance.com%2Fde%2Farea%2Flife-sciences-de%2Fmetrology-ls-de%2Fchemical-concentration-meter-ls-de%2F|title:Messger%C3%A4t%20f%C3%BCr%20chemische%20Konzentrationen|&#8220; el_class=&#8220;cardbutton prozess-equipment&#8220;][vc_single_image image=&#8220;11612&#8243; img_size=&#8220;&#8220; alignment=&#8220;center&#8220; style=&#8220;vc_box_shadow&#8220; onclick=&#8220;custom_link&#8220; css_animation=&#8220;fadeIn&#8220; link=&#8220;https:\/\/s3-alliance.com\/de\/area\/life-sciences-de\/metrology-ls-de\/chemical-concentration-meter-ls-de\/&#8220;][\/vc_column][vc_column width=&#8220;1\/2&#8243; el_class=&#8220;application-card pe&#8220; offset=&#8220;vc_col-lg-1\/5 vc_col-md-3 vc_col-xs-12&#8243;][vc_btn title=&#8220;Dimensionelle Messtechnik&#8220; color=&#8220;default&#8220; size=&#8220;lg&#8220; align=&#8220;center&#8220; css_animation=&#8220;fadeIn&#8220; button_block=&#8220;true&#8220; link=&#8220;url:https%3A%2F%2Fs3-alliance.com%2Fde%2Farea%2Flife-sciences-de%2Fmetrology-ls-de%2Fdimensional-metrology-ls-de%2F|title:Dimensionelle%20Wafer-Messtechnik|&#8220; el_class=&#8220;cardbutton prozess-equipment&#8220;][vc_single_image image=&#8220;11610&#8243; img_size=&#8220;&#8220; alignment=&#8220;center&#8220; style=&#8220;vc_box_shadow&#8220; onclick=&#8220;custom_link&#8220; css_animation=&#8220;fadeIn&#8220; link=&#8220;https:\/\/s3-alliance.com\/de\/area\/life-sciences-de\/metrology-ls-de\/dimensional-metrology-ls-de\/&#8220;][\/vc_column][vc_column width=&#8220;1\/2&#8243; offset=&#8220;vc_col-lg-1\/5 vc_col-md-3 vc_col-xs-12&#8243;][\/vc_column][vc_column width=&#8220;1\/2&#8243; offset=&#8220;vc_col-lg-1\/5 vc_col-md-3 vc_col-xs-12&#8243;][\/vc_column][vc_column width=&#8220;1\/2&#8243; offset=&#8220;vc_col-lg-1\/5 vc_col-md-3 vc_col-xs-12&#8243;][\/vc_column][vc_column width=&#8220;1\/2&#8243; offset=&#8220;vc_col-lg-1\/5 vc_col-md-3 vc_col-xs-12&#8243;][\/vc_column][vc_column width=&#8220;1\/2&#8243; offset=&#8220;vc_col-lg-1\/5 vc_col-md-3 vc_col-xs-12&#8243;][\/vc_column][\/vc_row][vc_row css_animation=&#8220;fadeIn&#8220; css=&#8220;.vc_custom_1682684531021{margin-top: 80px !important;}&#8220;][vc_column][vc_text_separator title=&#8220;neue Produkte hier:&#8220; border_width=&#8220;2&#8243; el_width=&#8220;60&#8243; el_class=&#8220;trennlinie&#8220;][\/vc_column][\/vc_row][vc_row][vc_column][vc_column_text css_animation=&#8220;fadeIn&#8220;]<div id=\"new-royalslider-6\" class=\"royalSlider new-royalslider-6 rs-lo-skin visibleNearbyZoom\" style=\"width:100%;height:300px;;\" data-rs-options='{&quot;template&quot;:&quot;default&quot;,&quot;image_generation&quot;:{&quot;imageWidth&quot;:&quot;&quot;,&quot;imageHeight&quot;:&quot;&quot;,&quot;thumbImageWidth&quot;:&quot;&quot;,&quot;thumbImageHeight&quot;:&quot;&quot;},&quot;thumbs&quot;:{&quot;thumbWidth&quot;:96,&quot;thumbHeight&quot;:72},&quot;autoPlay&quot;:{&quot;enabled&quot;:&quot;true&quot;},&quot;visibleNearby&quot;:{&quot;enabled&quot;:&quot;true&quot;,&quot;centerArea&quot;:0.5,&quot;breakpoint&quot;:650,&quot;breakpointCenterArea&quot;:0.64,&quot;navigateByCenterClick&quot;:&quot;true&quot;},&quot;video&quot;:{&quot;autoHideBlocks&quot;:&quot;true&quot;},&quot;width&quot;:&quot;100%&quot;,&quot;height&quot;:&quot;300px&quot;,&quot;autoScaleSliderWidth&quot;:960,&quot;autoScaleSliderHeight&quot;:340,&quot;controlNavigation&quot;:&quot;none&quot;,&quot;arrowsNavHideOnTouch&quot;:&quot;true&quot;,&quot;globalCaption&quot;:&quot;true&quot;,&quot;loop&quot;:&quot;true&quot;,&quot;keyboardNavEnabled&quot;:&quot;true&quot;,&quot;fadeinLoadedSlide&quot;:&quot;false&quot;,&quot;addActiveClass&quot;:&quot;true&quot;}'>\n<div class=\"rsContent\">\n  <img decoding=\"async\" class=\"rsImg\" src=\"https:\/\/s3-alliance.com\/wp-content\/uploads\/2026\/04\/ckplas-haibox-close.jpg\" alt=\"HaiBox\"\/>\n  \n  <div class=\"rsCaption\">\n    <h5>HaiBox<\/h5>\n    <span><\/span>\n  <\/div>\n  \n  \n  <a class=\"rsLink\" href=\"https:\/\/s3-alliance.com\/products\/haibox\/\">HaiBox<\/a>\n<\/div>\n<div class=\"rsContent\">\n  <img decoding=\"async\" class=\"rsImg\" src=\"https:\/\/s3-alliance.com\/wp-content\/uploads\/2025\/05\/ckplas-wafer-clamp-tweezers.jpg\" alt=\"Waferklemme \/ Pinzette\"\/>\n  \n  <div class=\"rsCaption\">\n    <h5>Waferklemme \/ Pinzette<\/h5>\n    <span><\/span>\n  <\/div>\n  \n  \n  <a class=\"rsLink\" href=\"https:\/\/s3-alliance.com\/de\/products\/wafer-clamp-tweezer\/\">Waferklemme \/ Pinzette<\/a>\n<\/div>\n<div class=\"rsContent\">\n  <img decoding=\"async\" class=\"rsImg\" src=\"https:\/\/s3-alliance.com\/wp-content\/uploads\/2025\/07\/kovis-atlantis.jpg\" alt=\"ATLANTIS C-SAM-Inspektionssystem\"\/>\n  \n  <div class=\"rsCaption\">\n    <h5>ATLANTIS C-SAM-Inspektionssystem<\/h5>\n    <span><\/span>\n  <\/div>\n  \n  \n  <a class=\"rsLink\" href=\"https:\/\/s3-alliance.com\/de\/products\/atlantis-c-sam-inspection-system\/\">ATLANTIS C-SAM-Inspektionssystem<\/a>\n<\/div>\n<div class=\"rsContent\">\n  <img decoding=\"async\" class=\"rsImg\" src=\"https:\/\/s3-alliance.com\/wp-content\/uploads\/2025\/06\/nadatech-tseries.jpg\" alt=\"T Series Wafer Sorting \/ Handling \/ Inspection Plattform\"\/>\n  \n  <div class=\"rsCaption\">\n    <h5>T Series Wafer Sorting \/ Handling \/ Inspection Plattform<\/h5>\n    <span><\/span>\n  <\/div>\n  \n  \n  <a class=\"rsLink\" href=\"https:\/\/s3-alliance.com\/de\/products\/t-series-wafer-sorting-handling-inspection-platform\/\">T Series Wafer Sorting \/ Handling \/ Inspection Plattform<\/a>\n<\/div>\n<div class=\"rsContent\">\n  <img decoding=\"async\" class=\"rsImg\" src=\"https:\/\/s3-alliance.com\/wp-content\/uploads\/2025\/06\/nadatech-n-series-tool-configs-n4x.jpg\" alt=\"N Series Wafer Sorting \/ Handling \/ Inspection Plattform\"\/>\n  \n  <div class=\"rsCaption\">\n    <h5>N Series Wafer Sorting \/ Handling \/ Inspection Plattform<\/h5>\n    <span><\/span>\n  <\/div>\n  \n  \n  <a class=\"rsLink\" href=\"https:\/\/s3-alliance.com\/de\/products\/n-series-wafer-sorting-handling-inspection-platform\/\">N Series Wafer Sorting \/ Handling \/ Inspection Plattform<\/a>\n<\/div>\n<div class=\"rsContent\">\n  <img decoding=\"async\" class=\"rsImg\" src=\"https:\/\/s3-alliance.com\/wp-content\/uploads\/2025\/05\/ckplas-vacuum-picker-pen-wand.jpg\" alt=\"Vakuum-Greifer, -Stift, -Handst\u00fcck\"\/>\n  \n  <div class=\"rsCaption\">\n    <h5>Vakuum-Greifer, -Stift, -Handst\u00fcck<\/h5>\n    <span><\/span>\n  <\/div>\n  \n  \n  <a class=\"rsLink\" href=\"https:\/\/s3-alliance.com\/de\/products\/vacuum-picker-pen-wand\/\">Vakuum-Greifer, -Stift, -Handst\u00fcck<\/a>\n<\/div>\n<div class=\"rsContent\">\n  <img decoding=\"async\" class=\"rsImg\" src=\"https:\/\/s3-alliance.com\/wp-content\/uploads\/2025\/04\/phaostech-ptz-b.jpg\" alt=\"PT Zoom Series \u2013 PTZ B+\"\/>\n  \n  <div class=\"rsCaption\">\n    <h5>PT Zoom Series \u2013 PTZ B+<\/h5>\n    <span><\/span>\n  <\/div>\n  \n  \n  <a class=\"rsLink\" href=\"https:\/\/s3-alliance.com\/de\/products\/pt-zoom-series\/\">PT Zoom Series \u2013 PTZ B+<\/a>\n<\/div>\n\n<\/div>\n[\/vc_column_text][\/vc_column][\/vc_row]<\/p>\n<\/div>","protected":false},"excerpt":{"rendered":"<p>[vc_row el_id=&#8220;term-description&#8220;][vc_column][\/vc_column][\/vc_row][vc_row css_animation=&#8220;fadeIn&#8220;][vc_column][vc_text_separator title=&#8220;W\u00e4hlen Sie Ihr Interessengebiet&#8220; border_width=&#8220;2&#8243; el_width=&#8220;40&#8243; el_class=&#8220;trennlinie&#8220;][\/vc_column][\/vc_row][vc_row gap=&#8220;10&#8243; equal_height=&#8220;yes&#8220; css_animation=&#8220;fadeIn&#8220; el_class=&#8220;sem-rahmen&#8220;][vc_column width=&#8220;1\/2&#8243; offset=&#8220;vc_col-lg-1\/5 vc_col-md-3 vc_col-xs-12&#8243;][vc_btn title=&#8220;Optische Oberfl\u00e4cheninspektion&#8220; color=&#8220;default&#8220; size=&#8220;lg&#8220; align=&#8220;center&#8220; css_animation=&#8220;fadeIn&#8220; button_block=&#8220;true&#8220; link=&#8220;url:https%3A%2F%2Fs3-alliance.com%2Fde%2Farea%2Flife-sciences-de%2Fmetrology-ls-de%2Foptical-surface-inspection-ls-de%2F|title:Optische%20Oberfl%C3%A4cheninspektion|&#8220; el_class=&#8220;cardbutton prozess-equipment&#8220;][vc_single_image image=&#8220;12717&#8243; img_size=&#8220;&#8220; alignment=&#8220;center&#8220; style=&#8220;vc_box_shadow&#8220; onclick=&#8220;custom_link&#8220; css_animation=&#8220;fadeIn&#8220; css=&#8220;&#8220; link=&#8220;https:\/\/s3-alliance.com\/de\/area\/life-sciences-de\/metrology-ls-de\/optical-surface-inspection-ls-de\/&#8220;][\/vc_column][vc_column width=&#8220;1\/2&#8243; el_class=&#8220;application-card pe&#8220; offset=&#8220;vc_col-lg-1\/5 vc_col-md-3 vc_col-xs-12&#8243;][vc_btn title=&#8220;Elektronische (REM) &amp; Optische Mikroskope&#8220; color=&#8220;default&#8220; size=&#8220;lg&#8220; align=&#8220;center&#8220; css_animation=&#8220;fadeIn&#8220; css=&#8220;&#8220; button_block=&#8220;true&#8220; link=&#8220;url:https%3A%2F%2Fs3-alliance.com%2Fde%2Farea%2Flife-sciences-de%2Fmetrology-ls-de%2Fscanning-electron-microscope-ls-de%2F|title:Elektronische%20(REM)%20%26%20Optische%20Mikroskope&#8220; el_class=&#8220;cardbutton<a class=\"excerpt-read-more\" href=\"https:\/\/s3-alliance.com\/de\/products\/pt-zoom-series\/\" title=\"ReadPT Zoom Series \u2013 PTZ B+\">&#8230; Read more &raquo;<\/a><\/p>\n","protected":false},"author":5,"featured_media":0,"parent":11990,"menu_order":0,"comment_status":"closed","ping_status":"closed","template":"template-full-width.php","meta":{"_acf_changed":false,"footnotes":""},"class_list":["post-11988","page","type-page","status-publish","hentry"],"acf":[],"yoast_head":"<!-- This site is optimized with the Yoast SEO plugin v27.3 - https:\/\/yoast.com\/product\/yoast-seo-wordpress\/ -->\n<title>Messtechnik - S3 Alliance<\/title>\n<meta name=\"robots\" content=\"index, follow, max-snippet:-1, max-image-preview:large, max-video-preview:-1\" \/>\n<link rel=\"canonical\" href=\"https:\/\/s3-alliance.com\/de\/life-sciences\/messtechnik\/\" \/>\n<meta property=\"og:locale\" content=\"de_DE\" \/>\n<meta property=\"og:type\" content=\"article\" \/>\n<meta property=\"og:title\" content=\"Messtechnik - S3 Alliance\" \/>\n<meta property=\"og:description\" content=\"[vc_row el_id=&#8220;term-description&#8220;][vc_column][\/vc_column][\/vc_row][vc_row css_animation=&#8220;fadeIn&#8220;][vc_column][vc_text_separator title=&#8220;W\u00e4hlen Sie Ihr Interessengebiet&#8220; border_width=&#8220;2&#8243; el_width=&#8220;40&#8243; el_class=&#8220;trennlinie&#8220;][\/vc_column][\/vc_row][vc_row gap=&#8220;10&#8243; equal_height=&#8220;yes&#8220; css_animation=&#8220;fadeIn&#8220; el_class=&#8220;sem-rahmen&#8220;][vc_column width=&#8220;1\/2&#8243; offset=&#8220;vc_col-lg-1\/5 vc_col-md-3 vc_col-xs-12&#8243;][vc_btn title=&#8220;Optische Oberfl\u00e4cheninspektion&#8220; color=&#8220;default&#8220; size=&#8220;lg&#8220; align=&#8220;center&#8220; css_animation=&#8220;fadeIn&#8220; button_block=&#8220;true&#8220; link=&#8220;url:https%3A%2F%2Fs3-alliance.com%2Fde%2Farea%2Flife-sciences-de%2Fmetrology-ls-de%2Foptical-surface-inspection-ls-de%2F|title:Optische%20Oberfl%C3%A4cheninspektion|&#8220; el_class=&#8220;cardbutton prozess-equipment&#8220;][vc_single_image image=&#8220;12717&#8243; img_size=&#8220;&#8220; alignment=&#8220;center&#8220; style=&#8220;vc_box_shadow&#8220; onclick=&#8220;custom_link&#8220; css_animation=&#8220;fadeIn&#8220; css=&#8220;&#8220; link=&#8220;https:\/\/s3-alliance.com\/de\/area\/life-sciences-de\/metrology-ls-de\/optical-surface-inspection-ls-de\/&#8220;][\/vc_column][vc_column width=&#8220;1\/2&#8243; el_class=&#8220;application-card pe&#8220; offset=&#8220;vc_col-lg-1\/5 vc_col-md-3 vc_col-xs-12&#8243;][vc_btn title=&#8220;Elektronische (REM) &amp; Optische Mikroskope&#8220; color=&#8220;default&#8220; size=&#8220;lg&#8220; align=&#8220;center&#8220; css_animation=&#8220;fadeIn&#8220; css=&#8220;&#8220; button_block=&#8220;true&#8220; link=&#8220;url:https%3A%2F%2Fs3-alliance.com%2Fde%2Farea%2Flife-sciences-de%2Fmetrology-ls-de%2Fscanning-electron-microscope-ls-de%2F|title:Elektronische%20(REM)%20%26%20Optische%20Mikroskope&#8220; el_class=&#8220;cardbutton... Read more &raquo;\" \/>\n<meta property=\"og:url\" content=\"https:\/\/s3-alliance.com\/de\/life-sciences\/messtechnik\/\" \/>\n<meta property=\"og:site_name\" content=\"S3 Alliance\" \/>\n<meta property=\"article:modified_time\" content=\"2025-04-29T16:07:15+00:00\" \/>\n<meta name=\"twitter:card\" content=\"summary_large_image\" \/>\n<meta name=\"twitter:label1\" content=\"Gesch\u00e4tzte Lesezeit\" \/>\n\t<meta name=\"twitter:data1\" content=\"2\u00a0Minuten\" \/>\n<script type=\"application\/ld+json\" class=\"yoast-schema-graph\">{\"@context\":\"https:\\\/\\\/schema.org\",\"@graph\":[{\"@type\":\"WebPage\",\"@id\":\"https:\\\/\\\/s3-alliance.com\\\/de\\\/life-sciences\\\/messtechnik\\\/\",\"url\":\"https:\\\/\\\/s3-alliance.com\\\/de\\\/life-sciences\\\/messtechnik\\\/\",\"name\":\"Messtechnik - S3 Alliance\",\"isPartOf\":{\"@id\":\"https:\\\/\\\/s3-alliance.com\\\/de\\\/#website\"},\"datePublished\":\"2024-10-04T15:46:27+00:00\",\"dateModified\":\"2025-04-29T16:07:15+00:00\",\"breadcrumb\":{\"@id\":\"https:\\\/\\\/s3-alliance.com\\\/de\\\/life-sciences\\\/messtechnik\\\/#breadcrumb\"},\"inLanguage\":\"de\",\"potentialAction\":[{\"@type\":\"ReadAction\",\"target\":[\"https:\\\/\\\/s3-alliance.com\\\/de\\\/life-sciences\\\/messtechnik\\\/\"]}]},{\"@type\":\"BreadcrumbList\",\"@id\":\"https:\\\/\\\/s3-alliance.com\\\/de\\\/life-sciences\\\/messtechnik\\\/#breadcrumb\",\"itemListElement\":[{\"@type\":\"ListItem\",\"position\":1,\"name\":\"Life Sciences\",\"item\":\"https:\\\/\\\/s3-alliance.com\\\/de\\\/life-sciences\\\/\"},{\"@type\":\"ListItem\",\"position\":2,\"name\":\"Messtechnik\"}]},{\"@type\":\"WebSite\",\"@id\":\"https:\\\/\\\/s3-alliance.com\\\/de\\\/#website\",\"url\":\"https:\\\/\\\/s3-alliance.com\\\/de\\\/\",\"name\":\"S3 Alliance\",\"description\":\"S3 Alliance is a market driven organization with more than 15 years of experience in the semiconductor, solar, life sciences and related market segments.\",\"publisher\":{\"@id\":\"https:\\\/\\\/s3-alliance.com\\\/de\\\/#organization\"},\"potentialAction\":[{\"@type\":\"SearchAction\",\"target\":{\"@type\":\"EntryPoint\",\"urlTemplate\":\"https:\\\/\\\/s3-alliance.com\\\/de\\\/?s={search_term_string}\"},\"query-input\":{\"@type\":\"PropertyValueSpecification\",\"valueRequired\":true,\"valueName\":\"search_term_string\"}}],\"inLanguage\":\"de\"},{\"@type\":\"Organization\",\"@id\":\"https:\\\/\\\/s3-alliance.com\\\/de\\\/#organization\",\"name\":\"S3 Alliance\",\"url\":\"https:\\\/\\\/s3-alliance.com\\\/de\\\/\",\"logo\":{\"@type\":\"ImageObject\",\"inLanguage\":\"de\",\"@id\":\"https:\\\/\\\/s3-alliance.com\\\/de\\\/#\\\/schema\\\/logo\\\/image\\\/\",\"url\":\"https:\\\/\\\/s3-alliance.com\\\/wp-content\\\/uploads\\\/2017\\\/05\\\/logo@2x.png\",\"contentUrl\":\"https:\\\/\\\/s3-alliance.com\\\/wp-content\\\/uploads\\\/2017\\\/05\\\/logo@2x.png\",\"width\":340,\"height\":200,\"caption\":\"S3 Alliance\"},\"image\":{\"@id\":\"https:\\\/\\\/s3-alliance.com\\\/de\\\/#\\\/schema\\\/logo\\\/image\\\/\"},\"sameAs\":[\"https:\\\/\\\/www.linkedin.com\\\/company\\\/s3-alliance\"]}]}<\/script>\n<!-- \/ Yoast SEO plugin. -->","yoast_head_json":{"title":"Messtechnik - S3 Alliance","robots":{"index":"index","follow":"follow","max-snippet":"max-snippet:-1","max-image-preview":"max-image-preview:large","max-video-preview":"max-video-preview:-1"},"canonical":"https:\/\/s3-alliance.com\/de\/life-sciences\/messtechnik\/","og_locale":"de_DE","og_type":"article","og_title":"Messtechnik - S3 Alliance","og_description":"[vc_row el_id=&#8220;term-description&#8220;][vc_column][\/vc_column][\/vc_row][vc_row css_animation=&#8220;fadeIn&#8220;][vc_column][vc_text_separator title=&#8220;W\u00e4hlen Sie Ihr Interessengebiet&#8220; border_width=&#8220;2&#8243; el_width=&#8220;40&#8243; el_class=&#8220;trennlinie&#8220;][\/vc_column][\/vc_row][vc_row gap=&#8220;10&#8243; equal_height=&#8220;yes&#8220; css_animation=&#8220;fadeIn&#8220; el_class=&#8220;sem-rahmen&#8220;][vc_column width=&#8220;1\/2&#8243; offset=&#8220;vc_col-lg-1\/5 vc_col-md-3 vc_col-xs-12&#8243;][vc_btn title=&#8220;Optische Oberfl\u00e4cheninspektion&#8220; color=&#8220;default&#8220; size=&#8220;lg&#8220; align=&#8220;center&#8220; css_animation=&#8220;fadeIn&#8220; button_block=&#8220;true&#8220; link=&#8220;url:https%3A%2F%2Fs3-alliance.com%2Fde%2Farea%2Flife-sciences-de%2Fmetrology-ls-de%2Foptical-surface-inspection-ls-de%2F|title:Optische%20Oberfl%C3%A4cheninspektion|&#8220; el_class=&#8220;cardbutton prozess-equipment&#8220;][vc_single_image image=&#8220;12717&#8243; img_size=&#8220;&#8220; alignment=&#8220;center&#8220; style=&#8220;vc_box_shadow&#8220; onclick=&#8220;custom_link&#8220; css_animation=&#8220;fadeIn&#8220; css=&#8220;&#8220; link=&#8220;https:\/\/s3-alliance.com\/de\/area\/life-sciences-de\/metrology-ls-de\/optical-surface-inspection-ls-de\/&#8220;][\/vc_column][vc_column width=&#8220;1\/2&#8243; el_class=&#8220;application-card pe&#8220; offset=&#8220;vc_col-lg-1\/5 vc_col-md-3 vc_col-xs-12&#8243;][vc_btn title=&#8220;Elektronische (REM) &amp; Optische Mikroskope&#8220; color=&#8220;default&#8220; size=&#8220;lg&#8220; align=&#8220;center&#8220; css_animation=&#8220;fadeIn&#8220; css=&#8220;&#8220; button_block=&#8220;true&#8220; link=&#8220;url:https%3A%2F%2Fs3-alliance.com%2Fde%2Farea%2Flife-sciences-de%2Fmetrology-ls-de%2Fscanning-electron-microscope-ls-de%2F|title:Elektronische%20(REM)%20%26%20Optische%20Mikroskope&#8220; el_class=&#8220;cardbutton... Read more &raquo;","og_url":"https:\/\/s3-alliance.com\/de\/life-sciences\/messtechnik\/","og_site_name":"S3 Alliance","article_modified_time":"2025-04-29T16:07:15+00:00","twitter_card":"summary_large_image","twitter_misc":{"Gesch\u00e4tzte Lesezeit":"2\u00a0Minuten"},"schema":{"@context":"https:\/\/schema.org","@graph":[{"@type":"WebPage","@id":"https:\/\/s3-alliance.com\/de\/life-sciences\/messtechnik\/","url":"https:\/\/s3-alliance.com\/de\/life-sciences\/messtechnik\/","name":"Messtechnik - S3 Alliance","isPartOf":{"@id":"https:\/\/s3-alliance.com\/de\/#website"},"datePublished":"2024-10-04T15:46:27+00:00","dateModified":"2025-04-29T16:07:15+00:00","breadcrumb":{"@id":"https:\/\/s3-alliance.com\/de\/life-sciences\/messtechnik\/#breadcrumb"},"inLanguage":"de","potentialAction":[{"@type":"ReadAction","target":["https:\/\/s3-alliance.com\/de\/life-sciences\/messtechnik\/"]}]},{"@type":"BreadcrumbList","@id":"https:\/\/s3-alliance.com\/de\/life-sciences\/messtechnik\/#breadcrumb","itemListElement":[{"@type":"ListItem","position":1,"name":"Life Sciences","item":"https:\/\/s3-alliance.com\/de\/life-sciences\/"},{"@type":"ListItem","position":2,"name":"Messtechnik"}]},{"@type":"WebSite","@id":"https:\/\/s3-alliance.com\/de\/#website","url":"https:\/\/s3-alliance.com\/de\/","name":"S3 Alliance","description":"S3 Alliance is a market driven organization with more than 15 years of experience in the semiconductor, solar, life sciences and related market segments.","publisher":{"@id":"https:\/\/s3-alliance.com\/de\/#organization"},"potentialAction":[{"@type":"SearchAction","target":{"@type":"EntryPoint","urlTemplate":"https:\/\/s3-alliance.com\/de\/?s={search_term_string}"},"query-input":{"@type":"PropertyValueSpecification","valueRequired":true,"valueName":"search_term_string"}}],"inLanguage":"de"},{"@type":"Organization","@id":"https:\/\/s3-alliance.com\/de\/#organization","name":"S3 Alliance","url":"https:\/\/s3-alliance.com\/de\/","logo":{"@type":"ImageObject","inLanguage":"de","@id":"https:\/\/s3-alliance.com\/de\/#\/schema\/logo\/image\/","url":"https:\/\/s3-alliance.com\/wp-content\/uploads\/2017\/05\/logo@2x.png","contentUrl":"https:\/\/s3-alliance.com\/wp-content\/uploads\/2017\/05\/logo@2x.png","width":340,"height":200,"caption":"S3 Alliance"},"image":{"@id":"https:\/\/s3-alliance.com\/de\/#\/schema\/logo\/image\/"},"sameAs":["https:\/\/www.linkedin.com\/company\/s3-alliance"]}]}},"_links":{"self":[{"href":"https:\/\/s3-alliance.com\/de\/wp-json\/wp\/v2\/pages\/11988","targetHints":{"allow":["GET"]}}],"collection":[{"href":"https:\/\/s3-alliance.com\/de\/wp-json\/wp\/v2\/pages"}],"about":[{"href":"https:\/\/s3-alliance.com\/de\/wp-json\/wp\/v2\/types\/page"}],"author":[{"embeddable":true,"href":"https:\/\/s3-alliance.com\/de\/wp-json\/wp\/v2\/users\/5"}],"replies":[{"embeddable":true,"href":"https:\/\/s3-alliance.com\/de\/wp-json\/wp\/v2\/comments?post=11988"}],"version-history":[{"count":0,"href":"https:\/\/s3-alliance.com\/de\/wp-json\/wp\/v2\/pages\/11988\/revisions"}],"up":[{"embeddable":true,"href":"https:\/\/s3-alliance.com\/de\/wp-json\/wp\/v2\/pages\/11990"}],"wp:attachment":[{"href":"https:\/\/s3-alliance.com\/de\/wp-json\/wp\/v2\/media?parent=11988"}],"curies":[{"name":"wp","href":"https:\/\/api.w.org\/{rel}","templated":true}]}}