{"id":11954,"date":"2024-10-04T16:45:43","date_gmt":"2024-10-04T14:45:43","guid":{"rendered":"https:\/\/dev.webdesign-le.de\/green-energy\/messtechnik\/"},"modified":"2025-04-29T18:08:42","modified_gmt":"2025-04-29T16:08:42","slug":"messtechnik","status":"publish","type":"page","link":"https:\/\/s3-alliance.com\/de\/green-energy\/messtechnik\/","title":{"rendered":"Messtechnik"},"content":{"rendered":"<div class=\"wpb-content-wrapper\"><p>[vc_row el_id=&#8220;term-description&#8220;][vc_column]<h2>Im Bereich der Nachhaltigen Energie<\/h2>\n<p>sind wir Ihr Partner f\u00fcr fortschrittliche Messtechnikl\u00f6sungen. Wir bieten modernste Messtechnologien, die Pr\u00e4zision, Qualit\u00e4t und Effizienz in Ihren Forschungs- und Produktionsprozessen sicherstellen. Von der <strong>mikroskopischen Analyse bis hin zur Messung der chemischen Konzentration<\/strong> erm\u00f6glichen unsere Werkzeuge Innovationen voranzutreiben und h\u00f6chste Standards in der nachhaltigen Energieproduktion zu erf\u00fcllen.<\/p>\n[\/vc_column][\/vc_row][vc_row css_animation=&#8220;fadeIn&#8220;][vc_column][vc_text_separator title=&#8220;W\u00e4hlen Sie Ihr Interessengebiet&#8220; border_width=&#8220;2&#8243; el_width=&#8220;40&#8243; el_class=&#8220;trennlinie&#8220;][vc_text_separator title=&#8220;Messtechnik&#8220; border_width=&#8220;2&#8243; el_width=&#8220;60&#8243; el_class=&#8220;trennlinie&#8220; el_id=&#8220;metrology&#8220;][\/vc_column][\/vc_row][vc_row gap=&#8220;10&#8243; equal_height=&#8220;yes&#8220; css_animation=&#8220;fadeIn&#8220; el_class=&#8220;sem-rahmen&#8220;][vc_column width=&#8220;1\/2&#8243; offset=&#8220;vc_col-lg-1\/5 vc_col-md-3 vc_col-xs-12&#8243;][vc_btn title=&#8220;Optische Oberfl\u00e4cheninspektion&#8220; color=&#8220;default&#8220; size=&#8220;lg&#8220; align=&#8220;center&#8220; css_animation=&#8220;fadeIn&#8220; button_block=&#8220;true&#8220; link=&#8220;url:https%3A%2F%2Fs3-alliance.com%2Fde%2Farea%2Fgreen-energy-de%2Fmetrology-ge-de%2Foptical-microscope-ge-de%2F|title:Optische%20Oberfl%C3%A4cheninspektion&#8220; el_class=&#8220;cardbutton prozess-equipment&#8220;][vc_single_image image=&#8220;12717&#8243; img_size=&#8220;&#8220; alignment=&#8220;center&#8220; style=&#8220;vc_box_shadow&#8220; onclick=&#8220;custom_link&#8220; css_animation=&#8220;fadeIn&#8220; link=&#8220;https:\/\/s3-alliance.com\/de\/area\/green-energy-de\/metrology-ge-de\/optical-microscope-ge-de\/&#8220;][\/vc_column][vc_column width=&#8220;1\/2&#8243; el_class=&#8220;application-card pe&#8220; offset=&#8220;vc_col-lg-1\/5 vc_col-md-3 vc_col-xs-12&#8243;][vc_btn title=&#8220;Elektronische (REM) &amp; Optische Mikroskope&#8220; color=&#8220;default&#8220; size=&#8220;lg&#8220; align=&#8220;center&#8220; css_animation=&#8220;fadeIn&#8220; css=&#8220;&#8220; button_block=&#8220;true&#8220; link=&#8220;url:https%3A%2F%2Fs3-alliance.com%2Fde%2Farea%2Fgreen-energy-de%2Fmetrology-ge-de%2Fscanning-electron-microscope-ge-de%2F|title:Elektronische%20(REM)%20%26%20Optische%20Mikroskope&#8220; el_class=&#8220;cardbutton prozess-equipment&#8220;][vc_single_image image=&#8220;11620&#8243; img_size=&#8220;&#8220; alignment=&#8220;center&#8220; style=&#8220;vc_box_shadow&#8220; onclick=&#8220;custom_link&#8220; css_animation=&#8220;fadeIn&#8220; link=&#8220;https:\/\/s3-alliance.com\/de\/area\/green-energy-de\/metrology-ge-de\/scanning-electron-microscope-ge-de\/&#8220;][\/vc_column][vc_column width=&#8220;1\/2&#8243; el_class=&#8220;application-card pe&#8220; offset=&#8220;vc_col-lg-1\/5 vc_col-md-3 vc_col-xs-12&#8243;][vc_btn title=&#8220;Durchflussmessung &amp; Blasendetektion&#8220; color=&#8220;default&#8220; size=&#8220;lg&#8220; align=&#8220;center&#8220; css_animation=&#8220;fadeIn&#8220; button_block=&#8220;true&#8220; link=&#8220;url:https%3A%2F%2Fs3-alliance.com%2Fde%2Farea%2Fgreen-energy-de%2Fmetrology-ge-de%2Fliquid-flow-measurement-bubble-detection-ge-de%2F|title:Durchflussmessung%20%26amp%3B%20Blasendetektion&#8220; el_class=&#8220;cardbutton prozess-equipment&#8220;][vc_single_image image=&#8220;11629&#8243; img_size=&#8220;&#8220; alignment=&#8220;center&#8220; style=&#8220;vc_box_shadow&#8220; onclick=&#8220;custom_link&#8220; css_animation=&#8220;fadeIn&#8220; link=&#8220;https:\/\/s3-alliance.com\/de\/area\/green-energy-de\/metrology-ge-de\/liquid-flow-measurement-bubble-detection-ge-de\/&#8220;][\/vc_column][vc_column width=&#8220;1\/2&#8243; el_class=&#8220;application-card pe&#8220; offset=&#8220;vc_col-lg-1\/5 vc_col-md-3 vc_col-xs-12&#8243;][vc_btn title=&#8220;Messger\u00e4t f\u00fcr chemische Konzentrationen&#8220; color=&#8220;default&#8220; size=&#8220;lg&#8220; align=&#8220;center&#8220; css_animation=&#8220;fadeIn&#8220; button_block=&#8220;true&#8220; link=&#8220;url:https%3A%2F%2Fs3-alliance.com%2Fde%2Farea%2Fgreen-energy-de%2Fmetrology-ge-de%2Fchemical-concentration-meter-ge-de%2F|title:Messger%C3%A4t%20f%C3%BCr%20chemische%20Konzentrationen&#8220; el_class=&#8220;cardbutton prozess-equipment&#8220;][vc_single_image image=&#8220;11612&#8243; img_size=&#8220;&#8220; alignment=&#8220;center&#8220; style=&#8220;vc_box_shadow&#8220; onclick=&#8220;custom_link&#8220; css_animation=&#8220;fadeIn&#8220; link=&#8220;https:\/\/s3-alliance.com\/de\/area\/green-energy-de\/metrology-ge-de\/chemical-concentration-meter-ge-de\/&#8220;][\/vc_column][vc_column width=&#8220;1\/2&#8243; el_class=&#8220;application-card pe&#8220; offset=&#8220;vc_col-lg-1\/5 vc_col-md-3 vc_col-xs-12&#8243;][vc_btn title=&#8220;Dimensionelle Messtechnik&#8220; color=&#8220;default&#8220; size=&#8220;lg&#8220; align=&#8220;center&#8220; css_animation=&#8220;fadeIn&#8220; button_block=&#8220;true&#8220; link=&#8220;url:https%3A%2F%2Fs3-alliance.com%2Fde%2Farea%2Fgreen-energy-de%2Fmetrology-ge-de%2Fdimensional-metrology-ge-de%2F|title:Dimensionelle%20Wafer-Messtechnik&#8220; el_class=&#8220;cardbutton prozess-equipment&#8220;][vc_single_image image=&#8220;11610&#8243; img_size=&#8220;&#8220; alignment=&#8220;center&#8220; style=&#8220;vc_box_shadow&#8220; onclick=&#8220;custom_link&#8220; css_animation=&#8220;fadeIn&#8220; link=&#8220;https:\/\/s3-alliance.com\/de\/area\/green-energy-de\/metrology-ge-de\/dimensional-metrology-ge-de\/&#8220;][\/vc_column][vc_column width=&#8220;1\/2&#8243; offset=&#8220;vc_col-lg-1\/5 vc_col-md-3 vc_col-xs-12&#8243;][\/vc_column][vc_column width=&#8220;1\/2&#8243; offset=&#8220;vc_col-lg-1\/5 vc_col-md-3 vc_col-xs-12&#8243;][\/vc_column][vc_column width=&#8220;1\/2&#8243; offset=&#8220;vc_col-lg-1\/5 vc_col-md-3 vc_col-xs-12&#8243;][\/vc_column][vc_column width=&#8220;1\/2&#8243; offset=&#8220;vc_col-lg-1\/5 vc_col-md-3 vc_col-xs-12&#8243;][\/vc_column][vc_column width=&#8220;1\/2&#8243; offset=&#8220;vc_col-lg-1\/5 vc_col-md-3 vc_col-xs-12&#8243;][\/vc_column][\/vc_row][vc_row css_animation=&#8220;fadeIn&#8220; css=&#8220;.vc_custom_1682684531021{margin-top: 80px !important;}&#8220;][vc_column][vc_text_separator title=&#8220;neue Produkte hier:&#8220; border_width=&#8220;2&#8243; el_width=&#8220;60&#8243; el_class=&#8220;trennlinie&#8220;][\/vc_column][\/vc_row][vc_row][vc_column][vc_column_text css_animation=&#8220;fadeIn&#8220;]<div id=\"new-royalslider-3\" class=\"royalSlider new-royalslider-3 rs-lo-skin visibleNearbyZoom\" style=\"width:100%;height:300px;;\" data-rs-options='{&quot;template&quot;:&quot;default&quot;,&quot;image_generation&quot;:{&quot;imageWidth&quot;:&quot;&quot;,&quot;imageHeight&quot;:&quot;&quot;,&quot;thumbImageWidth&quot;:&quot;&quot;,&quot;thumbImageHeight&quot;:&quot;&quot;},&quot;thumbs&quot;:{&quot;thumbWidth&quot;:96,&quot;thumbHeight&quot;:72},&quot;autoPlay&quot;:{&quot;enabled&quot;:&quot;true&quot;},&quot;visibleNearby&quot;:{&quot;enabled&quot;:&quot;true&quot;,&quot;centerArea&quot;:0.5,&quot;breakpoint&quot;:650,&quot;breakpointCenterArea&quot;:0.64,&quot;navigateByCenterClick&quot;:&quot;true&quot;},&quot;video&quot;:{&quot;autoHideBlocks&quot;:&quot;true&quot;},&quot;width&quot;:&quot;100%&quot;,&quot;height&quot;:&quot;300px&quot;,&quot;autoScaleSliderWidth&quot;:960,&quot;autoScaleSliderHeight&quot;:340,&quot;controlNavigation&quot;:&quot;none&quot;,&quot;arrowsNavHideOnTouch&quot;:&quot;true&quot;,&quot;globalCaption&quot;:&quot;true&quot;,&quot;loop&quot;:&quot;true&quot;,&quot;keyboardNavEnabled&quot;:&quot;true&quot;,&quot;fadeinLoadedSlide&quot;:&quot;false&quot;,&quot;addActiveClass&quot;:&quot;true&quot;}'>\n<div class=\"rsContent\">\n  <img decoding=\"async\" class=\"rsImg\" src=\"https:\/\/s3-alliance.com\/wp-content\/uploads\/2025\/04\/phaostech-ptz-b.jpg\" alt=\"PT Zoom Series \u2013 PTZ B+\"\/>\n  \n  <div class=\"rsCaption\">\n    <h5>PT Zoom Series \u2013 PTZ B+<\/h5>\n    <span><\/span>\n  <\/div>\n  \n  \n  <a class=\"rsLink\" href=\"https:\/\/s3-alliance.com\/de\/products\/pt-zoom-series\/\">PT Zoom Series \u2013 PTZ B+<\/a>\n<\/div>\n<div class=\"rsContent\">\n  <img decoding=\"async\" class=\"rsImg\" src=\"https:\/\/s3-alliance.com\/wp-content\/uploads\/2025\/02\/onto-prima-scan-600-600mm.jpg\" alt=\"PrimaScan\u2122 P Serie\"\/>\n  \n  <div class=\"rsCaption\">\n    <h5>PrimaScan\u2122 P Serie<\/h5>\n    <span><\/span>\n  <\/div>\n  \n  \n  <a class=\"rsLink\" href=\"https:\/\/s3-alliance.com\/de\/products\/primascan-p-series-de\/\">PrimaScan\u2122 P Serie<\/a>\n<\/div>\n<div class=\"rsContent\">\n  <img decoding=\"async\" class=\"rsImg\" src=\"https:\/\/s3-alliance.com\/wp-content\/uploads\/2025\/02\/onto-celero-pl-100-300mm.jpg\" alt=\"Celero\u2122 PL System\"\/>\n  \n  <div class=\"rsCaption\">\n    <h5>Celero\u2122 PL System<\/h5>\n    <span><\/span>\n  <\/div>\n  \n  \n  <a class=\"rsLink\" href=\"https:\/\/s3-alliance.com\/de\/products\/celero-pl-system-de\/\">Celero\u2122 PL System<\/a>\n<\/div>\n<div class=\"rsContent\">\n  <img decoding=\"async\" class=\"rsImg\" src=\"https:\/\/s3-alliance.com\/wp-content\/uploads\/2025\/02\/emcrafts-k1-ion-coater.jpg\" alt=\"K-1 Ionen Sputter Coater\"\/>\n  \n  <div class=\"rsCaption\">\n    <h5>K-1 Ionen Sputter Coater<\/h5>\n    <span><\/span>\n  <\/div>\n  \n  \n  <a class=\"rsLink\" href=\"https:\/\/s3-alliance.com\/de\/products\/k-1-ion-sputter-coater-de\/\">K-1 Ionen Sputter Coater<\/a>\n<\/div>\n<div class=\"rsContent\">\n  <img decoding=\"async\" class=\"rsImg\" src=\"https:\/\/s3-alliance.com\/wp-content\/uploads\/2025\/02\/phaostech-optonano-200-front.jpg\" alt=\"OptoNano 200\"\/>\n  \n  <div class=\"rsCaption\">\n    <h5>OptoNano 200<\/h5>\n    <span><\/span>\n  <\/div>\n  \n  \n  <a class=\"rsLink\" href=\"https:\/\/s3-alliance.com\/de\/products\/optonano-200\/\">OptoNano 200<\/a>\n<\/div>\n<div class=\"rsContent\">\n  <img decoding=\"async\" class=\"rsImg\" src=\"https:\/\/s3-alliance.com\/wp-content\/uploads\/2025\/02\/onto-prima-scan-100-450mm.jpg\" alt=\"PrimaScan\u2122 Serie\"\/>\n  \n  <div class=\"rsCaption\">\n    <h5>PrimaScan\u2122 Serie<\/h5>\n    <span><\/span>\n  <\/div>\n  \n  \n  <a class=\"rsLink\" href=\"https:\/\/s3-alliance.com\/de\/products\/primascan-series-de\/\">PrimaScan\u2122 Serie<\/a>\n<\/div>\n<div class=\"rsContent\">\n  <img decoding=\"async\" class=\"rsImg\" src=\"https:\/\/s3-alliance.com\/wp-content\/uploads\/2020\/05\/genesis1000-1.png\" alt=\"Genesis-Serie (Kompaktes REM)\"\/>\n  \n  <div class=\"rsCaption\">\n    <h5>Genesis-Serie (Kompaktes REM)<\/h5>\n    <span><\/span>\n  <\/div>\n  \n  \n  <a class=\"rsLink\" href=\"https:\/\/s3-alliance.com\/de\/products\/genesis-series-kompaktes-rem\/\">Genesis-Serie (Kompaktes REM)<\/a>\n<\/div>\n\n<\/div>\n[\/vc_column_text][\/vc_column][\/vc_row]<\/p>\n<\/div>","protected":false},"excerpt":{"rendered":"<p>[vc_row el_id=&#8220;term-description&#8220;][vc_column][\/vc_column][\/vc_row][vc_row css_animation=&#8220;fadeIn&#8220;][vc_column][vc_text_separator title=&#8220;W\u00e4hlen Sie Ihr Interessengebiet&#8220; border_width=&#8220;2&#8243; el_width=&#8220;40&#8243; el_class=&#8220;trennlinie&#8220;][vc_text_separator title=&#8220;Messtechnik&#8220; border_width=&#8220;2&#8243; el_width=&#8220;60&#8243; el_class=&#8220;trennlinie&#8220; el_id=&#8220;metrology&#8220;][\/vc_column][\/vc_row][vc_row gap=&#8220;10&#8243; equal_height=&#8220;yes&#8220; css_animation=&#8220;fadeIn&#8220; el_class=&#8220;sem-rahmen&#8220;][vc_column width=&#8220;1\/2&#8243; offset=&#8220;vc_col-lg-1\/5 vc_col-md-3 vc_col-xs-12&#8243;][vc_btn title=&#8220;Optische Oberfl\u00e4cheninspektion&#8220; color=&#8220;default&#8220; size=&#8220;lg&#8220; align=&#8220;center&#8220; css_animation=&#8220;fadeIn&#8220; button_block=&#8220;true&#8220; link=&#8220;url:https%3A%2F%2Fs3-alliance.com%2Fde%2Farea%2Fgreen-energy-de%2Fmetrology-ge-de%2Foptical-microscope-ge-de%2F|title:Optische%20Oberfl%C3%A4cheninspektion&#8220; el_class=&#8220;cardbutton prozess-equipment&#8220;][vc_single_image image=&#8220;12717&#8243; img_size=&#8220;&#8220; alignment=&#8220;center&#8220; style=&#8220;vc_box_shadow&#8220; onclick=&#8220;custom_link&#8220; css_animation=&#8220;fadeIn&#8220; link=&#8220;https:\/\/s3-alliance.com\/de\/area\/green-energy-de\/metrology-ge-de\/optical-microscope-ge-de\/&#8220;][\/vc_column][vc_column width=&#8220;1\/2&#8243; el_class=&#8220;application-card pe&#8220; offset=&#8220;vc_col-lg-1\/5 vc_col-md-3 vc_col-xs-12&#8243;][vc_btn title=&#8220;Elektronische (REM) &amp; Optische Mikroskope&#8220; color=&#8220;default&#8220; size=&#8220;lg&#8220; align=&#8220;center&#8220; css_animation=&#8220;fadeIn&#8220;<a class=\"excerpt-read-more\" href=\"https:\/\/s3-alliance.com\/de\/products\/genesis-series-kompaktes-rem\/\" title=\"ReadGenesis-Serie (Kompaktes REM)\">&#8230; Read more &raquo;<\/a><\/p>\n","protected":false},"author":5,"featured_media":0,"parent":11940,"menu_order":0,"comment_status":"closed","ping_status":"closed","template":"template-full-width.php","meta":{"_acf_changed":false,"footnotes":""},"class_list":["post-11954","page","type-page","status-publish","hentry"],"acf":[],"yoast_head":"<!-- This site is optimized with the Yoast SEO plugin v27.3 - https:\/\/yoast.com\/product\/yoast-seo-wordpress\/ -->\n<title>Messtechnik - S3 Alliance<\/title>\n<meta name=\"robots\" content=\"index, follow, max-snippet:-1, max-image-preview:large, max-video-preview:-1\" \/>\n<link rel=\"canonical\" href=\"https:\/\/s3-alliance.com\/de\/green-energy\/messtechnik\/\" \/>\n<meta property=\"og:locale\" content=\"de_DE\" \/>\n<meta property=\"og:type\" content=\"article\" \/>\n<meta property=\"og:title\" content=\"Messtechnik - S3 Alliance\" \/>\n<meta property=\"og:description\" content=\"[vc_row el_id=&#8220;term-description&#8220;][vc_column][\/vc_column][\/vc_row][vc_row css_animation=&#8220;fadeIn&#8220;][vc_column][vc_text_separator title=&#8220;W\u00e4hlen Sie Ihr Interessengebiet&#8220; border_width=&#8220;2&#8243; el_width=&#8220;40&#8243; el_class=&#8220;trennlinie&#8220;][vc_text_separator title=&#8220;Messtechnik&#8220; border_width=&#8220;2&#8243; el_width=&#8220;60&#8243; el_class=&#8220;trennlinie&#8220; el_id=&#8220;metrology&#8220;][\/vc_column][\/vc_row][vc_row gap=&#8220;10&#8243; equal_height=&#8220;yes&#8220; css_animation=&#8220;fadeIn&#8220; el_class=&#8220;sem-rahmen&#8220;][vc_column width=&#8220;1\/2&#8243; offset=&#8220;vc_col-lg-1\/5 vc_col-md-3 vc_col-xs-12&#8243;][vc_btn title=&#8220;Optische Oberfl\u00e4cheninspektion&#8220; color=&#8220;default&#8220; size=&#8220;lg&#8220; align=&#8220;center&#8220; css_animation=&#8220;fadeIn&#8220; button_block=&#8220;true&#8220; link=&#8220;url:https%3A%2F%2Fs3-alliance.com%2Fde%2Farea%2Fgreen-energy-de%2Fmetrology-ge-de%2Foptical-microscope-ge-de%2F|title:Optische%20Oberfl%C3%A4cheninspektion&#8220; el_class=&#8220;cardbutton prozess-equipment&#8220;][vc_single_image image=&#8220;12717&#8243; img_size=&#8220;&#8220; alignment=&#8220;center&#8220; style=&#8220;vc_box_shadow&#8220; onclick=&#8220;custom_link&#8220; css_animation=&#8220;fadeIn&#8220; link=&#8220;https:\/\/s3-alliance.com\/de\/area\/green-energy-de\/metrology-ge-de\/optical-microscope-ge-de\/&#8220;][\/vc_column][vc_column width=&#8220;1\/2&#8243; el_class=&#8220;application-card pe&#8220; offset=&#8220;vc_col-lg-1\/5 vc_col-md-3 vc_col-xs-12&#8243;][vc_btn title=&#8220;Elektronische (REM) &amp; Optische Mikroskope&#8220; color=&#8220;default&#8220; size=&#8220;lg&#8220; align=&#8220;center&#8220; css_animation=&#8220;fadeIn&#8220;... Read more &raquo;\" \/>\n<meta property=\"og:url\" content=\"https:\/\/s3-alliance.com\/de\/green-energy\/messtechnik\/\" \/>\n<meta property=\"og:site_name\" content=\"S3 Alliance\" \/>\n<meta property=\"article:modified_time\" content=\"2025-04-29T16:08:42+00:00\" \/>\n<meta name=\"twitter:card\" content=\"summary_large_image\" \/>\n<meta name=\"twitter:label1\" content=\"Gesch\u00e4tzte Lesezeit\" \/>\n\t<meta name=\"twitter:data1\" content=\"1\u00a0Minute\" \/>\n<script type=\"application\/ld+json\" class=\"yoast-schema-graph\">{\"@context\":\"https:\\\/\\\/schema.org\",\"@graph\":[{\"@type\":\"WebPage\",\"@id\":\"https:\\\/\\\/s3-alliance.com\\\/de\\\/green-energy\\\/messtechnik\\\/\",\"url\":\"https:\\\/\\\/s3-alliance.com\\\/de\\\/green-energy\\\/messtechnik\\\/\",\"name\":\"Messtechnik - S3 Alliance\",\"isPartOf\":{\"@id\":\"https:\\\/\\\/s3-alliance.com\\\/de\\\/#website\"},\"datePublished\":\"2024-10-04T14:45:43+00:00\",\"dateModified\":\"2025-04-29T16:08:42+00:00\",\"breadcrumb\":{\"@id\":\"https:\\\/\\\/s3-alliance.com\\\/de\\\/green-energy\\\/messtechnik\\\/#breadcrumb\"},\"inLanguage\":\"de\",\"potentialAction\":[{\"@type\":\"ReadAction\",\"target\":[\"https:\\\/\\\/s3-alliance.com\\\/de\\\/green-energy\\\/messtechnik\\\/\"]}]},{\"@type\":\"BreadcrumbList\",\"@id\":\"https:\\\/\\\/s3-alliance.com\\\/de\\\/green-energy\\\/messtechnik\\\/#breadcrumb\",\"itemListElement\":[{\"@type\":\"ListItem\",\"position\":1,\"name\":\"Nachhaltige Energie\",\"item\":\"https:\\\/\\\/s3-alliance.com\\\/de\\\/green-energy\\\/\"},{\"@type\":\"ListItem\",\"position\":2,\"name\":\"Messtechnik\"}]},{\"@type\":\"WebSite\",\"@id\":\"https:\\\/\\\/s3-alliance.com\\\/de\\\/#website\",\"url\":\"https:\\\/\\\/s3-alliance.com\\\/de\\\/\",\"name\":\"S3 Alliance\",\"description\":\"S3 Alliance is a market driven organization with more than 15 years of experience in the semiconductor, solar, life sciences and related market segments.\",\"publisher\":{\"@id\":\"https:\\\/\\\/s3-alliance.com\\\/de\\\/#organization\"},\"potentialAction\":[{\"@type\":\"SearchAction\",\"target\":{\"@type\":\"EntryPoint\",\"urlTemplate\":\"https:\\\/\\\/s3-alliance.com\\\/de\\\/?s={search_term_string}\"},\"query-input\":{\"@type\":\"PropertyValueSpecification\",\"valueRequired\":true,\"valueName\":\"search_term_string\"}}],\"inLanguage\":\"de\"},{\"@type\":\"Organization\",\"@id\":\"https:\\\/\\\/s3-alliance.com\\\/de\\\/#organization\",\"name\":\"S3 Alliance\",\"url\":\"https:\\\/\\\/s3-alliance.com\\\/de\\\/\",\"logo\":{\"@type\":\"ImageObject\",\"inLanguage\":\"de\",\"@id\":\"https:\\\/\\\/s3-alliance.com\\\/de\\\/#\\\/schema\\\/logo\\\/image\\\/\",\"url\":\"https:\\\/\\\/s3-alliance.com\\\/wp-content\\\/uploads\\\/2017\\\/05\\\/logo@2x.png\",\"contentUrl\":\"https:\\\/\\\/s3-alliance.com\\\/wp-content\\\/uploads\\\/2017\\\/05\\\/logo@2x.png\",\"width\":340,\"height\":200,\"caption\":\"S3 Alliance\"},\"image\":{\"@id\":\"https:\\\/\\\/s3-alliance.com\\\/de\\\/#\\\/schema\\\/logo\\\/image\\\/\"},\"sameAs\":[\"https:\\\/\\\/www.linkedin.com\\\/company\\\/s3-alliance\"]}]}<\/script>\n<!-- \/ Yoast SEO plugin. -->","yoast_head_json":{"title":"Messtechnik - S3 Alliance","robots":{"index":"index","follow":"follow","max-snippet":"max-snippet:-1","max-image-preview":"max-image-preview:large","max-video-preview":"max-video-preview:-1"},"canonical":"https:\/\/s3-alliance.com\/de\/green-energy\/messtechnik\/","og_locale":"de_DE","og_type":"article","og_title":"Messtechnik - S3 Alliance","og_description":"[vc_row el_id=&#8220;term-description&#8220;][vc_column][\/vc_column][\/vc_row][vc_row css_animation=&#8220;fadeIn&#8220;][vc_column][vc_text_separator title=&#8220;W\u00e4hlen Sie Ihr Interessengebiet&#8220; border_width=&#8220;2&#8243; el_width=&#8220;40&#8243; el_class=&#8220;trennlinie&#8220;][vc_text_separator title=&#8220;Messtechnik&#8220; border_width=&#8220;2&#8243; el_width=&#8220;60&#8243; el_class=&#8220;trennlinie&#8220; el_id=&#8220;metrology&#8220;][\/vc_column][\/vc_row][vc_row gap=&#8220;10&#8243; equal_height=&#8220;yes&#8220; css_animation=&#8220;fadeIn&#8220; el_class=&#8220;sem-rahmen&#8220;][vc_column width=&#8220;1\/2&#8243; offset=&#8220;vc_col-lg-1\/5 vc_col-md-3 vc_col-xs-12&#8243;][vc_btn title=&#8220;Optische Oberfl\u00e4cheninspektion&#8220; color=&#8220;default&#8220; size=&#8220;lg&#8220; align=&#8220;center&#8220; css_animation=&#8220;fadeIn&#8220; button_block=&#8220;true&#8220; link=&#8220;url:https%3A%2F%2Fs3-alliance.com%2Fde%2Farea%2Fgreen-energy-de%2Fmetrology-ge-de%2Foptical-microscope-ge-de%2F|title:Optische%20Oberfl%C3%A4cheninspektion&#8220; el_class=&#8220;cardbutton prozess-equipment&#8220;][vc_single_image image=&#8220;12717&#8243; img_size=&#8220;&#8220; alignment=&#8220;center&#8220; style=&#8220;vc_box_shadow&#8220; onclick=&#8220;custom_link&#8220; css_animation=&#8220;fadeIn&#8220; link=&#8220;https:\/\/s3-alliance.com\/de\/area\/green-energy-de\/metrology-ge-de\/optical-microscope-ge-de\/&#8220;][\/vc_column][vc_column width=&#8220;1\/2&#8243; el_class=&#8220;application-card pe&#8220; offset=&#8220;vc_col-lg-1\/5 vc_col-md-3 vc_col-xs-12&#8243;][vc_btn title=&#8220;Elektronische (REM) &amp; Optische Mikroskope&#8220; color=&#8220;default&#8220; size=&#8220;lg&#8220; align=&#8220;center&#8220; css_animation=&#8220;fadeIn&#8220;... Read more &raquo;","og_url":"https:\/\/s3-alliance.com\/de\/green-energy\/messtechnik\/","og_site_name":"S3 Alliance","article_modified_time":"2025-04-29T16:08:42+00:00","twitter_card":"summary_large_image","twitter_misc":{"Gesch\u00e4tzte Lesezeit":"1\u00a0Minute"},"schema":{"@context":"https:\/\/schema.org","@graph":[{"@type":"WebPage","@id":"https:\/\/s3-alliance.com\/de\/green-energy\/messtechnik\/","url":"https:\/\/s3-alliance.com\/de\/green-energy\/messtechnik\/","name":"Messtechnik - S3 Alliance","isPartOf":{"@id":"https:\/\/s3-alliance.com\/de\/#website"},"datePublished":"2024-10-04T14:45:43+00:00","dateModified":"2025-04-29T16:08:42+00:00","breadcrumb":{"@id":"https:\/\/s3-alliance.com\/de\/green-energy\/messtechnik\/#breadcrumb"},"inLanguage":"de","potentialAction":[{"@type":"ReadAction","target":["https:\/\/s3-alliance.com\/de\/green-energy\/messtechnik\/"]}]},{"@type":"BreadcrumbList","@id":"https:\/\/s3-alliance.com\/de\/green-energy\/messtechnik\/#breadcrumb","itemListElement":[{"@type":"ListItem","position":1,"name":"Nachhaltige Energie","item":"https:\/\/s3-alliance.com\/de\/green-energy\/"},{"@type":"ListItem","position":2,"name":"Messtechnik"}]},{"@type":"WebSite","@id":"https:\/\/s3-alliance.com\/de\/#website","url":"https:\/\/s3-alliance.com\/de\/","name":"S3 Alliance","description":"S3 Alliance is a market driven organization with more than 15 years of experience in the semiconductor, solar, life sciences and related market segments.","publisher":{"@id":"https:\/\/s3-alliance.com\/de\/#organization"},"potentialAction":[{"@type":"SearchAction","target":{"@type":"EntryPoint","urlTemplate":"https:\/\/s3-alliance.com\/de\/?s={search_term_string}"},"query-input":{"@type":"PropertyValueSpecification","valueRequired":true,"valueName":"search_term_string"}}],"inLanguage":"de"},{"@type":"Organization","@id":"https:\/\/s3-alliance.com\/de\/#organization","name":"S3 Alliance","url":"https:\/\/s3-alliance.com\/de\/","logo":{"@type":"ImageObject","inLanguage":"de","@id":"https:\/\/s3-alliance.com\/de\/#\/schema\/logo\/image\/","url":"https:\/\/s3-alliance.com\/wp-content\/uploads\/2017\/05\/logo@2x.png","contentUrl":"https:\/\/s3-alliance.com\/wp-content\/uploads\/2017\/05\/logo@2x.png","width":340,"height":200,"caption":"S3 Alliance"},"image":{"@id":"https:\/\/s3-alliance.com\/de\/#\/schema\/logo\/image\/"},"sameAs":["https:\/\/www.linkedin.com\/company\/s3-alliance"]}]}},"_links":{"self":[{"href":"https:\/\/s3-alliance.com\/de\/wp-json\/wp\/v2\/pages\/11954","targetHints":{"allow":["GET"]}}],"collection":[{"href":"https:\/\/s3-alliance.com\/de\/wp-json\/wp\/v2\/pages"}],"about":[{"href":"https:\/\/s3-alliance.com\/de\/wp-json\/wp\/v2\/types\/page"}],"author":[{"embeddable":true,"href":"https:\/\/s3-alliance.com\/de\/wp-json\/wp\/v2\/users\/5"}],"replies":[{"embeddable":true,"href":"https:\/\/s3-alliance.com\/de\/wp-json\/wp\/v2\/comments?post=11954"}],"version-history":[{"count":0,"href":"https:\/\/s3-alliance.com\/de\/wp-json\/wp\/v2\/pages\/11954\/revisions"}],"up":[{"embeddable":true,"href":"https:\/\/s3-alliance.com\/de\/wp-json\/wp\/v2\/pages\/11940"}],"wp:attachment":[{"href":"https:\/\/s3-alliance.com\/de\/wp-json\/wp\/v2\/media?parent=11954"}],"curies":[{"name":"wp","href":"https:\/\/api.w.org\/{rel}","templated":true}]}}